{"id":5809,"date":"2025-11-04T13:30:12","date_gmt":"2025-11-04T12:30:12","guid":{"rendered":"https:\/\/securetechforever.com\/index.php\/produit\/cs-h1c\/"},"modified":"2025-11-04T13:33:47","modified_gmt":"2025-11-04T12:33:47","slug":"cs-h1c","status":"publish","type":"product","link":"https:\/\/securetechforever.com\/index.php\/produit\/cs-h1c\/","title":{"rendered":"CS-H1C"},"content":{"rendered":"<p>Simple mais fiable, le H1c peut \u00eatre votre cam\u00e9ra int\u00e9rieure essentielle pour garder un \u0153il sur vos enfants et vos animaux de compagnie, tout en offrant une protection \u00e0 votre maison du jour \u00e0 la nuit. En tant que cam\u00e9ra petite, plug-in qui s\u2019adapte \u00e0 n\u2019importe quel espace domestique, la cam\u00e9ra obtient tous les \u00e9l\u00e9ments de base. Il offre une excellente qualit\u00e9 vid\u00e9o, une vision nocturne nette, la d\u00e9tection de mouvement et l\u2019audio bidirectionnel, et offre une commodit\u00e9 suppl\u00e9mentaire avec sa conception facile \u00e0 installer, son mode veille, ses trois modes d\u2019alerte sonore, etc.<\/p>\n","protected":false},"excerpt":{"rendered":"<p>Simple mais fiable, le H1c peut \u00eatre votre cam\u00e9ra int\u00e9rieure essentielle pour garder un \u0153il sur vos enfants et vos animaux de compagnie, tout en offrant une protection \u00e0 votre<\/p>\n","protected":false},"featured_media":5808,"comment_status":"open","ping_status":"closed","template":"","meta":{"_acf_changed":false},"product_brand":[],"product_cat":[258],"product_tag":[],"class_list":{"0":"post-5809","1":"product","2":"type-product","3":"status-publish","4":"has-post-thumbnail","6":"product_cat-ezviz","8":"first","9":"instock","10":"taxable","11":"shipping-taxable","12":"purchasable","13":"product-type-simple"},"acf":[],"yoast_head":"<!-- This site is optimized with the Yoast SEO plugin v25.0 - https:\/\/yoast.com\/wordpress\/plugins\/seo\/ -->\n<title>CS-H1C - SECURETECH FOREVER<\/title>\n<meta name=\"robots\" content=\"index, follow, max-snippet:-1, max-image-preview:large, max-video-preview:-1\" \/>\n<link rel=\"canonical\" href=\"https:\/\/securetechforever.com\/index.php\/produit\/cs-h1c\/\" \/>\n<meta property=\"og:locale\" content=\"fr_FR\" \/>\n<meta property=\"og:type\" content=\"article\" \/>\n<meta property=\"og:title\" content=\"CS-H1C - SECURETECH FOREVER\" \/>\n<meta property=\"og:description\" content=\"Simple mais fiable, le H1c peut \u00eatre votre cam\u00e9ra int\u00e9rieure essentielle pour garder un \u0153il sur vos enfants et vos animaux de compagnie, tout en offrant une protection \u00e0 votre\" \/>\n<meta property=\"og:url\" content=\"https:\/\/securetechforever.com\/index.php\/produit\/cs-h1c\/\" \/>\n<meta property=\"og:site_name\" content=\"SECURETECH FOREVER\" \/>\n<meta property=\"article:publisher\" content=\"https:\/\/fr-fr.facebook.com\/abdelouahed.hamadi\/\" \/>\n<meta property=\"article:modified_time\" content=\"2025-11-04T12:33:47+00:00\" \/>\n<meta property=\"og:image\" content=\"https:\/\/securetechforever.com\/wp-content\/uploads\/2025\/11\/4e3004908333438d4f1be75ec88423e0.png\" \/>\n\t<meta property=\"og:image:width\" content=\"390\" \/>\n\t<meta property=\"og:image:height\" content=\"320\" \/>\n\t<meta property=\"og:image:type\" content=\"image\/png\" \/>\n<meta name=\"twitter:card\" content=\"summary_large_image\" \/>\n<meta name=\"twitter:site\" content=\"@victorycsf\" \/>\n<meta name=\"twitter:label1\" content=\"Dur\u00e9e de lecture estim\u00e9e\" \/>\n\t<meta name=\"twitter:data1\" content=\"1 minute\" \/>\n<script type=\"application\/ld+json\" class=\"yoast-schema-graph\">{\"@context\":\"https:\/\/schema.org\",\"@graph\":[{\"@type\":\"WebPage\",\"@id\":\"https:\/\/securetechforever.com\/index.php\/produit\/cs-h1c\/\",\"url\":\"https:\/\/securetechforever.com\/index.php\/produit\/cs-h1c\/\",\"name\":\"CS-H1C - SECURETECH FOREVER\",\"isPartOf\":{\"@id\":\"https:\/\/securetechforever.com\/#website\"},\"primaryImageOfPage\":{\"@id\":\"https:\/\/securetechforever.com\/index.php\/produit\/cs-h1c\/#primaryimage\"},\"image\":{\"@id\":\"https:\/\/securetechforever.com\/index.php\/produit\/cs-h1c\/#primaryimage\"},\"thumbnailUrl\":\"https:\/\/securetechforever.com\/wp-content\/uploads\/2025\/11\/4e3004908333438d4f1be75ec88423e0.png\",\"datePublished\":\"2025-11-04T12:30:12+00:00\",\"dateModified\":\"2025-11-04T12:33:47+00:00\",\"breadcrumb\":{\"@id\":\"https:\/\/securetechforever.com\/index.php\/produit\/cs-h1c\/#breadcrumb\"},\"inLanguage\":\"fr-FR\",\"potentialAction\":[{\"@type\":\"ReadAction\",\"target\":[\"https:\/\/securetechforever.com\/index.php\/produit\/cs-h1c\/\"]}]},{\"@type\":\"ImageObject\",\"inLanguage\":\"fr-FR\",\"@id\":\"https:\/\/securetechforever.com\/index.php\/produit\/cs-h1c\/#primaryimage\",\"url\":\"https:\/\/securetechforever.com\/wp-content\/uploads\/2025\/11\/4e3004908333438d4f1be75ec88423e0.png\",\"contentUrl\":\"https:\/\/securetechforever.com\/wp-content\/uploads\/2025\/11\/4e3004908333438d4f1be75ec88423e0.png\",\"width\":390,\"height\":320},{\"@type\":\"BreadcrumbList\",\"@id\":\"https:\/\/securetechforever.com\/index.php\/produit\/cs-h1c\/#breadcrumb\",\"itemListElement\":[{\"@type\":\"ListItem\",\"position\":1,\"name\":\"Accueil\",\"item\":\"https:\/\/securetechforever.com\/\"},{\"@type\":\"ListItem\",\"position\":2,\"name\":\"Shop\",\"item\":\"https:\/\/securetechforever.com\/index.php\/shop\/\"},{\"@type\":\"ListItem\",\"position\":3,\"name\":\"CS-H1C\"}]},{\"@type\":\"WebSite\",\"@id\":\"https:\/\/securetechforever.com\/#website\",\"url\":\"https:\/\/securetechforever.com\/\",\"name\":\"SECURETECH FOREVER\",\"description\":\"securtech\",\"publisher\":{\"@id\":\"https:\/\/securetechforever.com\/#organization\"},\"potentialAction\":[{\"@type\":\"SearchAction\",\"target\":{\"@type\":\"EntryPoint\",\"urlTemplate\":\"https:\/\/securetechforever.com\/?s={search_term_string}\"},\"query-input\":{\"@type\":\"PropertyValueSpecification\",\"valueRequired\":true,\"valueName\":\"search_term_string\"}}],\"inLanguage\":\"fr-FR\"},{\"@type\":\"Organization\",\"@id\":\"https:\/\/securetechforever.com\/#organization\",\"name\":\"SECURETECH FOREVER\",\"url\":\"https:\/\/securetechforever.com\/\",\"logo\":{\"@type\":\"ImageObject\",\"inLanguage\":\"fr-FR\",\"@id\":\"https:\/\/securetechforever.com\/#\/schema\/logo\/image\/\",\"url\":\"https:\/\/securetechforever.com\/wp-content\/uploads\/2024\/03\/cropped-Securetech-forever-png.png\",\"contentUrl\":\"https:\/\/securetechforever.com\/wp-content\/uploads\/2024\/03\/cropped-Securetech-forever-png.png\",\"width\":2490,\"height\":212,\"caption\":\"SECURETECH FOREVER\"},\"image\":{\"@id\":\"https:\/\/securetechforever.com\/#\/schema\/logo\/image\/\"},\"sameAs\":[\"https:\/\/fr-fr.facebook.com\/abdelouahed.hamadi\/\",\"https:\/\/x.com\/victorycsf\"]}]}<\/script>\n<!-- \/ Yoast SEO plugin. -->","yoast_head_json":{"title":"CS-H1C - SECURETECH FOREVER","robots":{"index":"index","follow":"follow","max-snippet":"max-snippet:-1","max-image-preview":"max-image-preview:large","max-video-preview":"max-video-preview:-1"},"canonical":"https:\/\/securetechforever.com\/index.php\/produit\/cs-h1c\/","og_locale":"fr_FR","og_type":"article","og_title":"CS-H1C - SECURETECH FOREVER","og_description":"Simple mais fiable, le H1c peut \u00eatre votre cam\u00e9ra int\u00e9rieure essentielle pour garder un \u0153il sur vos enfants et vos animaux de compagnie, tout en offrant une protection \u00e0 votre","og_url":"https:\/\/securetechforever.com\/index.php\/produit\/cs-h1c\/","og_site_name":"SECURETECH FOREVER","article_publisher":"https:\/\/fr-fr.facebook.com\/abdelouahed.hamadi\/","article_modified_time":"2025-11-04T12:33:47+00:00","og_image":[{"width":390,"height":320,"url":"https:\/\/securetechforever.com\/wp-content\/uploads\/2025\/11\/4e3004908333438d4f1be75ec88423e0.png","type":"image\/png"}],"twitter_card":"summary_large_image","twitter_site":"@victorycsf","twitter_misc":{"Dur\u00e9e de lecture estim\u00e9e":"1 minute"},"schema":{"@context":"https:\/\/schema.org","@graph":[{"@type":"WebPage","@id":"https:\/\/securetechforever.com\/index.php\/produit\/cs-h1c\/","url":"https:\/\/securetechforever.com\/index.php\/produit\/cs-h1c\/","name":"CS-H1C - SECURETECH FOREVER","isPartOf":{"@id":"https:\/\/securetechforever.com\/#website"},"primaryImageOfPage":{"@id":"https:\/\/securetechforever.com\/index.php\/produit\/cs-h1c\/#primaryimage"},"image":{"@id":"https:\/\/securetechforever.com\/index.php\/produit\/cs-h1c\/#primaryimage"},"thumbnailUrl":"https:\/\/securetechforever.com\/wp-content\/uploads\/2025\/11\/4e3004908333438d4f1be75ec88423e0.png","datePublished":"2025-11-04T12:30:12+00:00","dateModified":"2025-11-04T12:33:47+00:00","breadcrumb":{"@id":"https:\/\/securetechforever.com\/index.php\/produit\/cs-h1c\/#breadcrumb"},"inLanguage":"fr-FR","potentialAction":[{"@type":"ReadAction","target":["https:\/\/securetechforever.com\/index.php\/produit\/cs-h1c\/"]}]},{"@type":"ImageObject","inLanguage":"fr-FR","@id":"https:\/\/securetechforever.com\/index.php\/produit\/cs-h1c\/#primaryimage","url":"https:\/\/securetechforever.com\/wp-content\/uploads\/2025\/11\/4e3004908333438d4f1be75ec88423e0.png","contentUrl":"https:\/\/securetechforever.com\/wp-content\/uploads\/2025\/11\/4e3004908333438d4f1be75ec88423e0.png","width":390,"height":320},{"@type":"BreadcrumbList","@id":"https:\/\/securetechforever.com\/index.php\/produit\/cs-h1c\/#breadcrumb","itemListElement":[{"@type":"ListItem","position":1,"name":"Accueil","item":"https:\/\/securetechforever.com\/"},{"@type":"ListItem","position":2,"name":"Shop","item":"https:\/\/securetechforever.com\/index.php\/shop\/"},{"@type":"ListItem","position":3,"name":"CS-H1C"}]},{"@type":"WebSite","@id":"https:\/\/securetechforever.com\/#website","url":"https:\/\/securetechforever.com\/","name":"SECURETECH FOREVER","description":"securtech","publisher":{"@id":"https:\/\/securetechforever.com\/#organization"},"potentialAction":[{"@type":"SearchAction","target":{"@type":"EntryPoint","urlTemplate":"https:\/\/securetechforever.com\/?s={search_term_string}"},"query-input":{"@type":"PropertyValueSpecification","valueRequired":true,"valueName":"search_term_string"}}],"inLanguage":"fr-FR"},{"@type":"Organization","@id":"https:\/\/securetechforever.com\/#organization","name":"SECURETECH FOREVER","url":"https:\/\/securetechforever.com\/","logo":{"@type":"ImageObject","inLanguage":"fr-FR","@id":"https:\/\/securetechforever.com\/#\/schema\/logo\/image\/","url":"https:\/\/securetechforever.com\/wp-content\/uploads\/2024\/03\/cropped-Securetech-forever-png.png","contentUrl":"https:\/\/securetechforever.com\/wp-content\/uploads\/2024\/03\/cropped-Securetech-forever-png.png","width":2490,"height":212,"caption":"SECURETECH FOREVER"},"image":{"@id":"https:\/\/securetechforever.com\/#\/schema\/logo\/image\/"},"sameAs":["https:\/\/fr-fr.facebook.com\/abdelouahed.hamadi\/","https:\/\/x.com\/victorycsf"]}]}},"jetpack_sharing_enabled":true,"_links":{"self":[{"href":"https:\/\/securetechforever.com\/index.php\/wp-json\/wp\/v2\/product\/5809","targetHints":{"allow":["GET"]}}],"collection":[{"href":"https:\/\/securetechforever.com\/index.php\/wp-json\/wp\/v2\/product"}],"about":[{"href":"https:\/\/securetechforever.com\/index.php\/wp-json\/wp\/v2\/types\/product"}],"replies":[{"embeddable":true,"href":"https:\/\/securetechforever.com\/index.php\/wp-json\/wp\/v2\/comments?post=5809"}],"wp:featuredmedia":[{"embeddable":true,"href":"https:\/\/securetechforever.com\/index.php\/wp-json\/wp\/v2\/media\/5808"}],"wp:attachment":[{"href":"https:\/\/securetechforever.com\/index.php\/wp-json\/wp\/v2\/media?parent=5809"}],"wp:term":[{"taxonomy":"product_brand","embeddable":true,"href":"https:\/\/securetechforever.com\/index.php\/wp-json\/wp\/v2\/product_brand?post=5809"},{"taxonomy":"product_cat","embeddable":true,"href":"https:\/\/securetechforever.com\/index.php\/wp-json\/wp\/v2\/product_cat?post=5809"},{"taxonomy":"product_tag","embeddable":true,"href":"https:\/\/securetechforever.com\/index.php\/wp-json\/wp\/v2\/product_tag?post=5809"}],"curies":[{"name":"wp","href":"https:\/\/api.w.org\/{rel}","templated":true}]}}