{"id":5726,"date":"2024-05-14T10:49:18","date_gmt":"2024-05-14T08:49:18","guid":{"rendered":"https:\/\/securetechforever.com\/?post_type=product&#038;p=5726"},"modified":"2024-05-14T10:51:02","modified_gmt":"2024-05-14T08:51:02","slug":"cs-cb2-noir","status":"publish","type":"product","link":"https:\/\/securetechforever.com\/index.php\/produit\/cs-cb2-noir\/","title":{"rendered":"CS-CB2 Noir"},"content":{"rendered":"<table class=\"a-normal a-spacing-micro\">\n<tbody>\n<tr class=\"a-spacing-small po-recommended_uses_for_product\">\n<td class=\"a-span3\"><span class=\"a-size-base a-text-bold\">Usages recommand\u00e9s pour le produit<\/span><\/td>\n<td class=\"a-span9\"><span class=\"a-size-base po-break-word\">S\u00e9curit\u00e9 int\u00e9rieure<\/span><\/td>\n<\/tr>\n<tr class=\"a-spacing-small po-brand\">\n<td class=\"a-span3\"><span class=\"a-size-base a-text-bold\">Marque<\/span><\/td>\n<td class=\"a-span9\"><span class=\"a-size-base po-break-word\">EZVIZ<\/span><\/td>\n<\/tr>\n<tr class=\"a-spacing-small po-model_name\">\n<td class=\"a-span3\"><span class=\"a-size-base a-text-bold\">Nom de mod\u00e8le<\/span><\/td>\n<td class=\"a-span9\"><span class=\"a-size-base po-break-word\">CB2 Noir<\/span><\/td>\n<\/tr>\n<tr class=\"a-spacing-small po-connectivity_technology\">\n<td class=\"a-span3\"><span class=\"a-size-base a-text-bold\">Technologie de connectivit\u00e9<\/span><\/td>\n<td class=\"a-span9\"><span class=\"a-size-base po-break-word\">Sans fil<\/span><\/td>\n<\/tr>\n<tr class=\"a-spacing-small po-special_feature\">\n<td class=\"a-span3\"><span class=\"a-size-base a-text-bold\">Caract\u00e9ristique sp\u00e9ciale<\/span><\/td>\n<td class=\"a-span9\"><span class=\"a-size-base po-break-word\">Vision nocturne, D\u00e9tecteur de mouvement<\/span><\/td>\n<\/tr>\n<tr class=\"a-spacing-small po-compatible_devices\">\n<td class=\"a-span3\"><span class=\"a-size-base a-text-bold\">Appareils compatibles<\/span><\/td>\n<td class=\"a-span9\"><span class=\"a-size-base po-break-word\">Smartphone<\/span><\/td>\n<\/tr>\n<tr class=\"a-spacing-small po-power_source_type\">\n<td class=\"a-span3\"><span class=\"a-size-base a-text-bold\">Source d&#8217;alimentation<\/span><\/td>\n<td class=\"a-span9\"><span class=\"a-size-base po-break-word\">Aliment\u00e9 par batterie 2000mAh<\/span><\/td>\n<\/tr>\n<tr class=\"a-spacing-small po-connectivity_protocol\">\n<td class=\"a-span3\"><span class=\"a-size-base a-text-bold\">Protocole de connectivit\u00e9<\/span><\/td>\n<td class=\"a-span9\"><span class=\"a-size-base po-break-word\">Wi-Fi<\/span><\/td>\n<\/tr>\n<tr class=\"a-spacing-small po-controller_type\">\n<td class=\"a-span3\"><span class=\"a-size-base a-text-bold\">Type de contr\u00f4leur<\/span><\/td>\n<td class=\"a-span9\"><span class=\"a-size-base po-break-word\">Amazon Alexa<\/span><\/td>\n<\/tr>\n<tr class=\"a-spacing-small po-mounting_type\">\n<td class=\"a-span3\"><span class=\"a-size-base a-text-bold\">Type de fixation<\/span><\/td>\n<td class=\"a-span9\"><span class=\"a-size-base po-break-word\">Montage mural<\/span><\/td>\n<\/tr>\n<\/tbody>\n<\/table>\n","protected":false},"excerpt":{"rendered":"<h3 id=\"title\" class=\"a-size-large a-spacing-none\"><span id=\"productTitle\" class=\"a-size-large product-title-word-break\">EZVIZ CB2 1080P Cam\u00e9ra Surveillance WiFi Interieur sans Fil sur Batterie 2000mAh, Cam\u00e9ra B\u00e9b\u00e9 WiFi 2.4Ghz, D\u00e9tection de Personne, 5m Vision Nocturne, Audio Bidirectionnel, Type C, Magnetic Mount<\/span><\/h3>\n","protected":false},"featured_media":5727,"comment_status":"open","ping_status":"closed","template":"","meta":{"_acf_changed":false},"product_brand":[],"product_cat":[258],"product_tag":[],"class_list":{"0":"post-5726","1":"product","2":"type-product","3":"status-publish","4":"has-post-thumbnail","6":"product_cat-ezviz","8":"first","9":"instock","10":"sale","11":"taxable","12":"shipping-taxable","13":"purchasable","14":"product-type-simple"},"acf":[],"yoast_head":"<!-- This site is optimized with the Yoast SEO plugin v25.0 - https:\/\/yoast.com\/wordpress\/plugins\/seo\/ -->\n<title>CS-CB2 Noir - SECURETECH FOREVER<\/title>\n<meta name=\"description\" content=\"EZVIZ CB2 1080P Cam\u00e9ra Surveillance sans Fil sur Batterie 2000mAh, Cam\u00e9ra B\u00e9b\u00e9 WiFi 2.4Ghz, D\u00e9tection de Personne, 5m Vision Nocturne, Audio Bidirectionnel,\" \/>\n<meta name=\"robots\" content=\"index, follow, max-snippet:-1, max-image-preview:large, max-video-preview:-1\" \/>\n<link rel=\"canonical\" href=\"https:\/\/securetechforever.com\/index.php\/produit\/cs-cb2-noir\/\" \/>\n<meta property=\"og:locale\" content=\"fr_FR\" \/>\n<meta property=\"og:type\" content=\"article\" \/>\n<meta property=\"og:title\" content=\"CS-CB2 Noir - SECURETECH FOREVER\" \/>\n<meta property=\"og:description\" content=\"EZVIZ CB2 1080P Cam\u00e9ra Surveillance sans Fil sur Batterie 2000mAh, Cam\u00e9ra B\u00e9b\u00e9 WiFi 2.4Ghz, D\u00e9tection de Personne, 5m Vision Nocturne, Audio Bidirectionnel,\" \/>\n<meta property=\"og:url\" content=\"https:\/\/securetechforever.com\/index.php\/produit\/cs-cb2-noir\/\" \/>\n<meta property=\"og:site_name\" content=\"SECURETECH FOREVER\" \/>\n<meta property=\"article:publisher\" content=\"https:\/\/fr-fr.facebook.com\/abdelouahed.hamadi\/\" \/>\n<meta property=\"article:modified_time\" content=\"2024-05-14T08:51:02+00:00\" \/>\n<meta property=\"og:image\" content=\"https:\/\/securetechforever.com\/wp-content\/uploads\/2024\/05\/EZVIZ-CS-CB2-NOIR.jpg\" \/>\n\t<meta property=\"og:image:width\" content=\"800\" \/>\n\t<meta property=\"og:image:height\" content=\"800\" \/>\n\t<meta property=\"og:image:type\" content=\"image\/jpeg\" \/>\n<meta name=\"twitter:card\" content=\"summary_large_image\" \/>\n<meta name=\"twitter:site\" content=\"@victorycsf\" \/>\n<meta name=\"twitter:label1\" content=\"Dur\u00e9e de lecture estim\u00e9e\" \/>\n\t<meta name=\"twitter:data1\" content=\"1 minute\" \/>\n<script type=\"application\/ld+json\" class=\"yoast-schema-graph\">{\"@context\":\"https:\/\/schema.org\",\"@graph\":[{\"@type\":\"WebPage\",\"@id\":\"https:\/\/securetechforever.com\/index.php\/produit\/cs-cb2-noir\/\",\"url\":\"https:\/\/securetechforever.com\/index.php\/produit\/cs-cb2-noir\/\",\"name\":\"CS-CB2 Noir - SECURETECH FOREVER\",\"isPartOf\":{\"@id\":\"https:\/\/securetechforever.com\/#website\"},\"primaryImageOfPage\":{\"@id\":\"https:\/\/securetechforever.com\/index.php\/produit\/cs-cb2-noir\/#primaryimage\"},\"image\":{\"@id\":\"https:\/\/securetechforever.com\/index.php\/produit\/cs-cb2-noir\/#primaryimage\"},\"thumbnailUrl\":\"https:\/\/securetechforever.com\/wp-content\/uploads\/2024\/05\/EZVIZ-CS-CB2-NOIR.jpg\",\"datePublished\":\"2024-05-14T08:49:18+00:00\",\"dateModified\":\"2024-05-14T08:51:02+00:00\",\"description\":\"EZVIZ CB2 1080P Cam\u00e9ra Surveillance sans Fil sur Batterie 2000mAh, Cam\u00e9ra B\u00e9b\u00e9 WiFi 2.4Ghz, D\u00e9tection de Personne, 5m Vision Nocturne, Audio Bidirectionnel,\",\"breadcrumb\":{\"@id\":\"https:\/\/securetechforever.com\/index.php\/produit\/cs-cb2-noir\/#breadcrumb\"},\"inLanguage\":\"fr-FR\",\"potentialAction\":[{\"@type\":\"ReadAction\",\"target\":[\"https:\/\/securetechforever.com\/index.php\/produit\/cs-cb2-noir\/\"]}]},{\"@type\":\"ImageObject\",\"inLanguage\":\"fr-FR\",\"@id\":\"https:\/\/securetechforever.com\/index.php\/produit\/cs-cb2-noir\/#primaryimage\",\"url\":\"https:\/\/securetechforever.com\/wp-content\/uploads\/2024\/05\/EZVIZ-CS-CB2-NOIR.jpg\",\"contentUrl\":\"https:\/\/securetechforever.com\/wp-content\/uploads\/2024\/05\/EZVIZ-CS-CB2-NOIR.jpg\",\"width\":800,\"height\":800},{\"@type\":\"BreadcrumbList\",\"@id\":\"https:\/\/securetechforever.com\/index.php\/produit\/cs-cb2-noir\/#breadcrumb\",\"itemListElement\":[{\"@type\":\"ListItem\",\"position\":1,\"name\":\"Accueil\",\"item\":\"https:\/\/securetechforever.com\/\"},{\"@type\":\"ListItem\",\"position\":2,\"name\":\"Shop\",\"item\":\"https:\/\/securetechforever.com\/index.php\/shop\/\"},{\"@type\":\"ListItem\",\"position\":3,\"name\":\"CS-CB2 Noir\"}]},{\"@type\":\"WebSite\",\"@id\":\"https:\/\/securetechforever.com\/#website\",\"url\":\"https:\/\/securetechforever.com\/\",\"name\":\"SECURETECH FOREVER\",\"description\":\"securtech\",\"publisher\":{\"@id\":\"https:\/\/securetechforever.com\/#organization\"},\"potentialAction\":[{\"@type\":\"SearchAction\",\"target\":{\"@type\":\"EntryPoint\",\"urlTemplate\":\"https:\/\/securetechforever.com\/?s={search_term_string}\"},\"query-input\":{\"@type\":\"PropertyValueSpecification\",\"valueRequired\":true,\"valueName\":\"search_term_string\"}}],\"inLanguage\":\"fr-FR\"},{\"@type\":\"Organization\",\"@id\":\"https:\/\/securetechforever.com\/#organization\",\"name\":\"SECURETECH FOREVER\",\"url\":\"https:\/\/securetechforever.com\/\",\"logo\":{\"@type\":\"ImageObject\",\"inLanguage\":\"fr-FR\",\"@id\":\"https:\/\/securetechforever.com\/#\/schema\/logo\/image\/\",\"url\":\"https:\/\/securetechforever.com\/wp-content\/uploads\/2024\/03\/cropped-Securetech-forever-png.png\",\"contentUrl\":\"https:\/\/securetechforever.com\/wp-content\/uploads\/2024\/03\/cropped-Securetech-forever-png.png\",\"width\":2490,\"height\":212,\"caption\":\"SECURETECH FOREVER\"},\"image\":{\"@id\":\"https:\/\/securetechforever.com\/#\/schema\/logo\/image\/\"},\"sameAs\":[\"https:\/\/fr-fr.facebook.com\/abdelouahed.hamadi\/\",\"https:\/\/x.com\/victorycsf\"]}]}<\/script>\n<!-- \/ Yoast SEO plugin. -->","yoast_head_json":{"title":"CS-CB2 Noir - SECURETECH FOREVER","description":"EZVIZ CB2 1080P Cam\u00e9ra Surveillance sans Fil sur Batterie 2000mAh, Cam\u00e9ra B\u00e9b\u00e9 WiFi 2.4Ghz, D\u00e9tection de Personne, 5m Vision Nocturne, Audio Bidirectionnel,","robots":{"index":"index","follow":"follow","max-snippet":"max-snippet:-1","max-image-preview":"max-image-preview:large","max-video-preview":"max-video-preview:-1"},"canonical":"https:\/\/securetechforever.com\/index.php\/produit\/cs-cb2-noir\/","og_locale":"fr_FR","og_type":"article","og_title":"CS-CB2 Noir - SECURETECH FOREVER","og_description":"EZVIZ CB2 1080P Cam\u00e9ra Surveillance sans Fil sur Batterie 2000mAh, Cam\u00e9ra B\u00e9b\u00e9 WiFi 2.4Ghz, D\u00e9tection de Personne, 5m Vision Nocturne, Audio Bidirectionnel,","og_url":"https:\/\/securetechforever.com\/index.php\/produit\/cs-cb2-noir\/","og_site_name":"SECURETECH FOREVER","article_publisher":"https:\/\/fr-fr.facebook.com\/abdelouahed.hamadi\/","article_modified_time":"2024-05-14T08:51:02+00:00","og_image":[{"width":800,"height":800,"url":"https:\/\/securetechforever.com\/wp-content\/uploads\/2024\/05\/EZVIZ-CS-CB2-NOIR.jpg","type":"image\/jpeg"}],"twitter_card":"summary_large_image","twitter_site":"@victorycsf","twitter_misc":{"Dur\u00e9e de lecture estim\u00e9e":"1 minute"},"schema":{"@context":"https:\/\/schema.org","@graph":[{"@type":"WebPage","@id":"https:\/\/securetechforever.com\/index.php\/produit\/cs-cb2-noir\/","url":"https:\/\/securetechforever.com\/index.php\/produit\/cs-cb2-noir\/","name":"CS-CB2 Noir - SECURETECH FOREVER","isPartOf":{"@id":"https:\/\/securetechforever.com\/#website"},"primaryImageOfPage":{"@id":"https:\/\/securetechforever.com\/index.php\/produit\/cs-cb2-noir\/#primaryimage"},"image":{"@id":"https:\/\/securetechforever.com\/index.php\/produit\/cs-cb2-noir\/#primaryimage"},"thumbnailUrl":"https:\/\/securetechforever.com\/wp-content\/uploads\/2024\/05\/EZVIZ-CS-CB2-NOIR.jpg","datePublished":"2024-05-14T08:49:18+00:00","dateModified":"2024-05-14T08:51:02+00:00","description":"EZVIZ CB2 1080P Cam\u00e9ra Surveillance sans Fil sur Batterie 2000mAh, Cam\u00e9ra B\u00e9b\u00e9 WiFi 2.4Ghz, D\u00e9tection de Personne, 5m Vision Nocturne, Audio Bidirectionnel,","breadcrumb":{"@id":"https:\/\/securetechforever.com\/index.php\/produit\/cs-cb2-noir\/#breadcrumb"},"inLanguage":"fr-FR","potentialAction":[{"@type":"ReadAction","target":["https:\/\/securetechforever.com\/index.php\/produit\/cs-cb2-noir\/"]}]},{"@type":"ImageObject","inLanguage":"fr-FR","@id":"https:\/\/securetechforever.com\/index.php\/produit\/cs-cb2-noir\/#primaryimage","url":"https:\/\/securetechforever.com\/wp-content\/uploads\/2024\/05\/EZVIZ-CS-CB2-NOIR.jpg","contentUrl":"https:\/\/securetechforever.com\/wp-content\/uploads\/2024\/05\/EZVIZ-CS-CB2-NOIR.jpg","width":800,"height":800},{"@type":"BreadcrumbList","@id":"https:\/\/securetechforever.com\/index.php\/produit\/cs-cb2-noir\/#breadcrumb","itemListElement":[{"@type":"ListItem","position":1,"name":"Accueil","item":"https:\/\/securetechforever.com\/"},{"@type":"ListItem","position":2,"name":"Shop","item":"https:\/\/securetechforever.com\/index.php\/shop\/"},{"@type":"ListItem","position":3,"name":"CS-CB2 Noir"}]},{"@type":"WebSite","@id":"https:\/\/securetechforever.com\/#website","url":"https:\/\/securetechforever.com\/","name":"SECURETECH FOREVER","description":"securtech","publisher":{"@id":"https:\/\/securetechforever.com\/#organization"},"potentialAction":[{"@type":"SearchAction","target":{"@type":"EntryPoint","urlTemplate":"https:\/\/securetechforever.com\/?s={search_term_string}"},"query-input":{"@type":"PropertyValueSpecification","valueRequired":true,"valueName":"search_term_string"}}],"inLanguage":"fr-FR"},{"@type":"Organization","@id":"https:\/\/securetechforever.com\/#organization","name":"SECURETECH FOREVER","url":"https:\/\/securetechforever.com\/","logo":{"@type":"ImageObject","inLanguage":"fr-FR","@id":"https:\/\/securetechforever.com\/#\/schema\/logo\/image\/","url":"https:\/\/securetechforever.com\/wp-content\/uploads\/2024\/03\/cropped-Securetech-forever-png.png","contentUrl":"https:\/\/securetechforever.com\/wp-content\/uploads\/2024\/03\/cropped-Securetech-forever-png.png","width":2490,"height":212,"caption":"SECURETECH FOREVER"},"image":{"@id":"https:\/\/securetechforever.com\/#\/schema\/logo\/image\/"},"sameAs":["https:\/\/fr-fr.facebook.com\/abdelouahed.hamadi\/","https:\/\/x.com\/victorycsf"]}]}},"jetpack_sharing_enabled":true,"_links":{"self":[{"href":"https:\/\/securetechforever.com\/index.php\/wp-json\/wp\/v2\/product\/5726","targetHints":{"allow":["GET"]}}],"collection":[{"href":"https:\/\/securetechforever.com\/index.php\/wp-json\/wp\/v2\/product"}],"about":[{"href":"https:\/\/securetechforever.com\/index.php\/wp-json\/wp\/v2\/types\/product"}],"replies":[{"embeddable":true,"href":"https:\/\/securetechforever.com\/index.php\/wp-json\/wp\/v2\/comments?post=5726"}],"wp:featuredmedia":[{"embeddable":true,"href":"https:\/\/securetechforever.com\/index.php\/wp-json\/wp\/v2\/media\/5727"}],"wp:attachment":[{"href":"https:\/\/securetechforever.com\/index.php\/wp-json\/wp\/v2\/media?parent=5726"}],"wp:term":[{"taxonomy":"product_brand","embeddable":true,"href":"https:\/\/securetechforever.com\/index.php\/wp-json\/wp\/v2\/product_brand?post=5726"},{"taxonomy":"product_cat","embeddable":true,"href":"https:\/\/securetechforever.com\/index.php\/wp-json\/wp\/v2\/product_cat?post=5726"},{"taxonomy":"product_tag","embeddable":true,"href":"https:\/\/securetechforever.com\/index.php\/wp-json\/wp\/v2\/product_tag?post=5726"}],"curies":[{"name":"wp","href":"https:\/\/api.w.org\/{rel}","templated":true}]}}