{"id":5710,"date":"2024-04-14T14:19:20","date_gmt":"2024-04-14T12:19:20","guid":{"rendered":"https:\/\/securetechforever.com\/?post_type=product&#038;p=5710"},"modified":"2024-04-14T14:19:20","modified_gmt":"2024-04-14T12:19:20","slug":"serrure-zkt-tl-800","status":"publish","type":"product","link":"https:\/\/securetechforever.com\/index.php\/produit\/serrure-zkt-tl-800\/","title":{"rendered":"Serrure ZKT TL-800"},"content":{"rendered":"<p>Le\u00a0<strong>TL800<\/strong>\u00a0est con\u00e7u comme une serrure intelligente enti\u00e8rement automatique avec un \u00e9cran de surveillance int\u00e9rieur int\u00e9gr\u00e9. Il pourrait d\u00e9verrouiller et verrouiller la porte elle-m\u00eame. Il est compatible avec USmart Go, une application con\u00e7ue pour la domotique. Les utilisateurs peuvent profiter du contr\u00f4le \u00e0 distance et de la surveillance en ligne en temps r\u00e9el lors de la connexion de la serrure intelligente au r\u00e9seau Wi-Fi. De plus, le propri\u00e9taire pouvait observer la situation ext\u00e9rieure \u00e0 partir de l\u2019\u00e9cran OLED install\u00e9 \u00e0 l\u2019int\u00e9rieur de la maison.<\/p>\n","protected":false},"excerpt":{"rendered":"<ul>\n<li><strong>Mat\u00e9riel :<\/strong>\u00a0Alliage d\u2019aluminium et verre tremp\u00e9<\/li>\n<li><strong>Capacit\u00e9 :<\/strong>\u00a0Carte IC S50<strong> :<\/strong> 50<\/li>\n<li><strong>Empreinte digitale :<\/strong> 100<\/li>\n<li><strong>Mot de passe :<\/strong>\u00a050<\/li>\n<li><strong>Source de courant :<\/strong>\u00a04 200 mA, batterie au lithium<\/li>\n<li><strong>Interface d\u2019urgence :<\/strong>\u00a0Micro USB 5V<\/li>\n<li><strong>Courant statique :<\/strong>\u00a0&lt;80uA<\/li>\n<li><strong>Temp\u00e9rature de fonctionnement :<\/strong>\u00a0-25\u00b0C \u00e0 75\u00b0C<\/li>\n<li><strong>Humidit\u00e9 de travail :<\/strong>\u00a020 % HR \u00e0 90 % HR<\/li>\n<li><strong>Mot de passe al\u00e9atoire :<\/strong>\u00a0Les soutiens<\/li>\n<li><strong>Sonnette :<\/strong>\u00a0Les soutiens<\/li>\n<li><strong>Application :<\/strong>\u00a0Duplex, maisons de ville, appartements, condos et autres zones r\u00e9sidentielles<\/li>\n<li><strong>\u00c9paisseur de la porte :<\/strong>\u00a045 \u00e0 60 (personnalisable)<\/li>\n<li><strong>Dimensions :<\/strong>\n<ul>\n<li><strong>Unit\u00e9 ext\u00e9rieure :<\/strong>\u00a0400 * 74 * 23 mm<\/li>\n<li><strong>Unit\u00e9 int\u00e9rieure :<\/strong>\u00a0400 * 74 * 34,8 mm<\/li>\n<\/ul>\n<\/li>\n<\/ul>\n","protected":false},"featured_media":5709,"comment_status":"open","ping_status":"closed","template":"","meta":{"_acf_changed":false},"product_brand":[],"product_cat":[256],"product_tag":[],"class_list":{"0":"post-5710","1":"product","2":"type-product","3":"status-publish","4":"has-post-thumbnail","6":"product_cat-serrures_intelligentes","8":"first","9":"instock","10":"sale","11":"taxable","12":"shipping-taxable","13":"purchasable","14":"product-type-simple"},"acf":[],"yoast_head":"<!-- This site is optimized with the Yoast SEO plugin v25.0 - https:\/\/yoast.com\/wordpress\/plugins\/seo\/ -->\n<title>Serrure ZKT TL-800 - SECURETECH FOREVER<\/title>\n<meta name=\"robots\" content=\"index, follow, max-snippet:-1, max-image-preview:large, max-video-preview:-1\" \/>\n<link rel=\"canonical\" href=\"https:\/\/securetechforever.com\/index.php\/produit\/serrure-zkt-tl-800\/\" \/>\n<meta property=\"og:locale\" content=\"fr_FR\" \/>\n<meta property=\"og:type\" content=\"article\" \/>\n<meta property=\"og:title\" content=\"Serrure ZKT TL-800 - SECURETECH FOREVER\" \/>\n<meta property=\"og:description\" content=\"Mat\u00e9riel :\u00a0Alliage d\u2019aluminium et verre tremp\u00e9  Capacit\u00e9 :\u00a0Carte IC S50 : 50  Empreinte digitale : 100  Mot de passe :\u00a050  Source de courant :\u00a04 200 mA, batterie au lithium  Interface d\u2019urgence :\u00a0Micro USB 5V  Courant statique :\u00a0&lt;80uA  Temp\u00e9rature de fonctionnement :\u00a0-25\u00b0C \u00e0 75\u00b0C  Humidit\u00e9 de travail :\u00a020 % HR \u00e0 90 % HR  Mot de passe al\u00e9atoire :\u00a0Les soutiens  Sonnette :\u00a0Les soutiens  Application :\u00a0Duplex, maisons de ville, appartements, condos et autres zones r\u00e9sidentielles  \u00c9paisseur de la porte :\u00a045 \u00e0 60 (personnalisable)  Dimensions :   Unit\u00e9 ext\u00e9rieure :\u00a0400 * 74 * 23 mm  Unit\u00e9 int\u00e9rieure :\u00a0400 * 74 * 34,8 mm\" \/>\n<meta property=\"og:url\" content=\"https:\/\/securetechforever.com\/index.php\/produit\/serrure-zkt-tl-800\/\" \/>\n<meta property=\"og:site_name\" content=\"SECURETECH FOREVER\" \/>\n<meta property=\"article:publisher\" content=\"https:\/\/fr-fr.facebook.com\/abdelouahed.hamadi\/\" \/>\n<meta property=\"og:image\" content=\"https:\/\/securetechforever.com\/wp-content\/uploads\/2024\/04\/TL800.jpg\" \/>\n\t<meta property=\"og:image:width\" content=\"500\" \/>\n\t<meta property=\"og:image:height\" content=\"500\" \/>\n\t<meta property=\"og:image:type\" content=\"image\/jpeg\" \/>\n<meta name=\"twitter:card\" content=\"summary_large_image\" \/>\n<meta name=\"twitter:site\" content=\"@victorycsf\" \/>\n<meta name=\"twitter:label1\" content=\"Dur\u00e9e de lecture estim\u00e9e\" \/>\n\t<meta name=\"twitter:data1\" content=\"1 minute\" \/>\n<script type=\"application\/ld+json\" class=\"yoast-schema-graph\">{\"@context\":\"https:\/\/schema.org\",\"@graph\":[{\"@type\":\"WebPage\",\"@id\":\"https:\/\/securetechforever.com\/index.php\/produit\/serrure-zkt-tl-800\/\",\"url\":\"https:\/\/securetechforever.com\/index.php\/produit\/serrure-zkt-tl-800\/\",\"name\":\"Serrure ZKT TL-800 - SECURETECH FOREVER\",\"isPartOf\":{\"@id\":\"https:\/\/securetechforever.com\/#website\"},\"primaryImageOfPage\":{\"@id\":\"https:\/\/securetechforever.com\/index.php\/produit\/serrure-zkt-tl-800\/#primaryimage\"},\"image\":{\"@id\":\"https:\/\/securetechforever.com\/index.php\/produit\/serrure-zkt-tl-800\/#primaryimage\"},\"thumbnailUrl\":\"https:\/\/securetechforever.com\/wp-content\/uploads\/2024\/04\/TL800.jpg\",\"datePublished\":\"2024-04-14T12:19:20+00:00\",\"breadcrumb\":{\"@id\":\"https:\/\/securetechforever.com\/index.php\/produit\/serrure-zkt-tl-800\/#breadcrumb\"},\"inLanguage\":\"fr-FR\",\"potentialAction\":[{\"@type\":\"ReadAction\",\"target\":[\"https:\/\/securetechforever.com\/index.php\/produit\/serrure-zkt-tl-800\/\"]}]},{\"@type\":\"ImageObject\",\"inLanguage\":\"fr-FR\",\"@id\":\"https:\/\/securetechforever.com\/index.php\/produit\/serrure-zkt-tl-800\/#primaryimage\",\"url\":\"https:\/\/securetechforever.com\/wp-content\/uploads\/2024\/04\/TL800.jpg\",\"contentUrl\":\"https:\/\/securetechforever.com\/wp-content\/uploads\/2024\/04\/TL800.jpg\",\"width\":500,\"height\":500},{\"@type\":\"BreadcrumbList\",\"@id\":\"https:\/\/securetechforever.com\/index.php\/produit\/serrure-zkt-tl-800\/#breadcrumb\",\"itemListElement\":[{\"@type\":\"ListItem\",\"position\":1,\"name\":\"Accueil\",\"item\":\"https:\/\/securetechforever.com\/\"},{\"@type\":\"ListItem\",\"position\":2,\"name\":\"Shop\",\"item\":\"https:\/\/securetechforever.com\/index.php\/shop\/\"},{\"@type\":\"ListItem\",\"position\":3,\"name\":\"Serrure ZKT TL-800\"}]},{\"@type\":\"WebSite\",\"@id\":\"https:\/\/securetechforever.com\/#website\",\"url\":\"https:\/\/securetechforever.com\/\",\"name\":\"SECURETECH FOREVER\",\"description\":\"securtech\",\"publisher\":{\"@id\":\"https:\/\/securetechforever.com\/#organization\"},\"potentialAction\":[{\"@type\":\"SearchAction\",\"target\":{\"@type\":\"EntryPoint\",\"urlTemplate\":\"https:\/\/securetechforever.com\/?s={search_term_string}\"},\"query-input\":{\"@type\":\"PropertyValueSpecification\",\"valueRequired\":true,\"valueName\":\"search_term_string\"}}],\"inLanguage\":\"fr-FR\"},{\"@type\":\"Organization\",\"@id\":\"https:\/\/securetechforever.com\/#organization\",\"name\":\"SECURETECH FOREVER\",\"url\":\"https:\/\/securetechforever.com\/\",\"logo\":{\"@type\":\"ImageObject\",\"inLanguage\":\"fr-FR\",\"@id\":\"https:\/\/securetechforever.com\/#\/schema\/logo\/image\/\",\"url\":\"https:\/\/securetechforever.com\/wp-content\/uploads\/2024\/03\/cropped-Securetech-forever-png.png\",\"contentUrl\":\"https:\/\/securetechforever.com\/wp-content\/uploads\/2024\/03\/cropped-Securetech-forever-png.png\",\"width\":2490,\"height\":212,\"caption\":\"SECURETECH FOREVER\"},\"image\":{\"@id\":\"https:\/\/securetechforever.com\/#\/schema\/logo\/image\/\"},\"sameAs\":[\"https:\/\/fr-fr.facebook.com\/abdelouahed.hamadi\/\",\"https:\/\/x.com\/victorycsf\"]}]}<\/script>\n<!-- \/ Yoast SEO plugin. -->","yoast_head_json":{"title":"Serrure ZKT TL-800 - SECURETECH FOREVER","robots":{"index":"index","follow":"follow","max-snippet":"max-snippet:-1","max-image-preview":"max-image-preview:large","max-video-preview":"max-video-preview:-1"},"canonical":"https:\/\/securetechforever.com\/index.php\/produit\/serrure-zkt-tl-800\/","og_locale":"fr_FR","og_type":"article","og_title":"Serrure ZKT TL-800 - SECURETECH FOREVER","og_description":"Mat\u00e9riel :\u00a0Alliage d\u2019aluminium et verre tremp\u00e9  Capacit\u00e9 :\u00a0Carte IC S50 : 50  Empreinte digitale : 100  Mot de passe :\u00a050  Source de courant :\u00a04 200 mA, batterie au lithium  Interface d\u2019urgence :\u00a0Micro USB 5V  Courant statique :\u00a0&lt;80uA  Temp\u00e9rature de fonctionnement :\u00a0-25\u00b0C \u00e0 75\u00b0C  Humidit\u00e9 de travail :\u00a020 % HR \u00e0 90 % HR  Mot de passe al\u00e9atoire :\u00a0Les soutiens  Sonnette :\u00a0Les soutiens  Application :\u00a0Duplex, maisons de ville, appartements, condos et autres zones r\u00e9sidentielles  \u00c9paisseur de la porte :\u00a045 \u00e0 60 (personnalisable)  Dimensions :   Unit\u00e9 ext\u00e9rieure :\u00a0400 * 74 * 23 mm  Unit\u00e9 int\u00e9rieure :\u00a0400 * 74 * 34,8 mm","og_url":"https:\/\/securetechforever.com\/index.php\/produit\/serrure-zkt-tl-800\/","og_site_name":"SECURETECH FOREVER","article_publisher":"https:\/\/fr-fr.facebook.com\/abdelouahed.hamadi\/","og_image":[{"width":500,"height":500,"url":"https:\/\/securetechforever.com\/wp-content\/uploads\/2024\/04\/TL800.jpg","type":"image\/jpeg"}],"twitter_card":"summary_large_image","twitter_site":"@victorycsf","twitter_misc":{"Dur\u00e9e de lecture estim\u00e9e":"1 minute"},"schema":{"@context":"https:\/\/schema.org","@graph":[{"@type":"WebPage","@id":"https:\/\/securetechforever.com\/index.php\/produit\/serrure-zkt-tl-800\/","url":"https:\/\/securetechforever.com\/index.php\/produit\/serrure-zkt-tl-800\/","name":"Serrure ZKT TL-800 - SECURETECH FOREVER","isPartOf":{"@id":"https:\/\/securetechforever.com\/#website"},"primaryImageOfPage":{"@id":"https:\/\/securetechforever.com\/index.php\/produit\/serrure-zkt-tl-800\/#primaryimage"},"image":{"@id":"https:\/\/securetechforever.com\/index.php\/produit\/serrure-zkt-tl-800\/#primaryimage"},"thumbnailUrl":"https:\/\/securetechforever.com\/wp-content\/uploads\/2024\/04\/TL800.jpg","datePublished":"2024-04-14T12:19:20+00:00","breadcrumb":{"@id":"https:\/\/securetechforever.com\/index.php\/produit\/serrure-zkt-tl-800\/#breadcrumb"},"inLanguage":"fr-FR","potentialAction":[{"@type":"ReadAction","target":["https:\/\/securetechforever.com\/index.php\/produit\/serrure-zkt-tl-800\/"]}]},{"@type":"ImageObject","inLanguage":"fr-FR","@id":"https:\/\/securetechforever.com\/index.php\/produit\/serrure-zkt-tl-800\/#primaryimage","url":"https:\/\/securetechforever.com\/wp-content\/uploads\/2024\/04\/TL800.jpg","contentUrl":"https:\/\/securetechforever.com\/wp-content\/uploads\/2024\/04\/TL800.jpg","width":500,"height":500},{"@type":"BreadcrumbList","@id":"https:\/\/securetechforever.com\/index.php\/produit\/serrure-zkt-tl-800\/#breadcrumb","itemListElement":[{"@type":"ListItem","position":1,"name":"Accueil","item":"https:\/\/securetechforever.com\/"},{"@type":"ListItem","position":2,"name":"Shop","item":"https:\/\/securetechforever.com\/index.php\/shop\/"},{"@type":"ListItem","position":3,"name":"Serrure ZKT TL-800"}]},{"@type":"WebSite","@id":"https:\/\/securetechforever.com\/#website","url":"https:\/\/securetechforever.com\/","name":"SECURETECH FOREVER","description":"securtech","publisher":{"@id":"https:\/\/securetechforever.com\/#organization"},"potentialAction":[{"@type":"SearchAction","target":{"@type":"EntryPoint","urlTemplate":"https:\/\/securetechforever.com\/?s={search_term_string}"},"query-input":{"@type":"PropertyValueSpecification","valueRequired":true,"valueName":"search_term_string"}}],"inLanguage":"fr-FR"},{"@type":"Organization","@id":"https:\/\/securetechforever.com\/#organization","name":"SECURETECH FOREVER","url":"https:\/\/securetechforever.com\/","logo":{"@type":"ImageObject","inLanguage":"fr-FR","@id":"https:\/\/securetechforever.com\/#\/schema\/logo\/image\/","url":"https:\/\/securetechforever.com\/wp-content\/uploads\/2024\/03\/cropped-Securetech-forever-png.png","contentUrl":"https:\/\/securetechforever.com\/wp-content\/uploads\/2024\/03\/cropped-Securetech-forever-png.png","width":2490,"height":212,"caption":"SECURETECH FOREVER"},"image":{"@id":"https:\/\/securetechforever.com\/#\/schema\/logo\/image\/"},"sameAs":["https:\/\/fr-fr.facebook.com\/abdelouahed.hamadi\/","https:\/\/x.com\/victorycsf"]}]}},"jetpack_sharing_enabled":true,"_links":{"self":[{"href":"https:\/\/securetechforever.com\/index.php\/wp-json\/wp\/v2\/product\/5710","targetHints":{"allow":["GET"]}}],"collection":[{"href":"https:\/\/securetechforever.com\/index.php\/wp-json\/wp\/v2\/product"}],"about":[{"href":"https:\/\/securetechforever.com\/index.php\/wp-json\/wp\/v2\/types\/product"}],"replies":[{"embeddable":true,"href":"https:\/\/securetechforever.com\/index.php\/wp-json\/wp\/v2\/comments?post=5710"}],"wp:featuredmedia":[{"embeddable":true,"href":"https:\/\/securetechforever.com\/index.php\/wp-json\/wp\/v2\/media\/5709"}],"wp:attachment":[{"href":"https:\/\/securetechforever.com\/index.php\/wp-json\/wp\/v2\/media?parent=5710"}],"wp:term":[{"taxonomy":"product_brand","embeddable":true,"href":"https:\/\/securetechforever.com\/index.php\/wp-json\/wp\/v2\/product_brand?post=5710"},{"taxonomy":"product_cat","embeddable":true,"href":"https:\/\/securetechforever.com\/index.php\/wp-json\/wp\/v2\/product_cat?post=5710"},{"taxonomy":"product_tag","embeddable":true,"href":"https:\/\/securetechforever.com\/index.php\/wp-json\/wp\/v2\/product_tag?post=5710"}],"curies":[{"name":"wp","href":"https:\/\/api.w.org\/{rel}","templated":true}]}}