{"id":5693,"date":"2024-03-28T18:47:37","date_gmt":"2024-03-28T17:47:37","guid":{"rendered":"https:\/\/securetechforever.com\/?post_type=product&#038;p=5693"},"modified":"2024-03-28T18:47:37","modified_gmt":"2024-03-28T17:47:37","slug":"ds-pwa64-l-wb","status":"publish","type":"product","link":"https:\/\/securetechforever.com\/index.php\/produit\/ds-pwa64-l-wb\/","title":{"rendered":"DS-PWA64-L-WB"},"content":{"rendered":"<h2 class=\"prod_name\"><span class=\"prod_name-content\">AX PRO (433MHz)<\/span><\/h2>\n<ul class=\"product_description_item-list\">\n<li class=\"product_description_item\">TCP\/IP, Wi-Fi, and GPRS network<\/li>\n<li class=\"product_description_item\">New generation wireless protocol: Tri-X\/Cam-X<\/li>\n<li class=\"product_description_item\">Long RF transmission distance<\/li>\n<li class=\"product_description_item\">Two-way communication with AES-128 encryption<\/li>\n<li class=\"product_description_item\">Connects up to 64 wireless zones\/outputs (including 48 PIRCAMs), 32 wireless keyfobs, 2 repeaters, 4 sounders(2 internal+2 external), 8 tag readers and keypads.<\/li>\n<li class=\"product_description_item\">Supports up to 32 network users, including 1 installer, 1 administrator, and 30 normal users<\/li>\n<li class=\"product_description_item\">Voice prompt<\/li>\n<li class=\"product_description_item\">Configuration via Web client, mobile client, and Convergence Cloud<\/li>\n<li class=\"product_description_item\">Hik-Connect and Hik-ProConnect configuration depends on the user access level<\/li>\n<li class=\"product_description_item\">Pushes alarm notification via messages or phone calls<\/li>\n<li class=\"product_description_item\">Views live videos from Hik-Connect<\/li>\n<li class=\"product_description_item\">Alarm video clips via emails and APP<\/li>\n<li class=\"product_description_item\">Supports LED indicator to indicates system status<\/li>\n<li class=\"product_description_item\">4520 mAh lithium backup battery<\/li>\n<li class=\"product_description_item\">SIA-DC09 protocol, and supports both Contact ID and SIA data format<\/li>\n<li class=\"product_description_item\">Supports Hik-IP Receiver and Hik-IP Receiver Pro for ARC communication<\/li>\n<\/ul>\n","protected":false},"excerpt":{"rendered":"<p>AX PRO (433MHz) TCP\/IP, Wi-Fi, and GPRS network New generation wireless protocol: Tri-X\/Cam-X Long RF transmission distance Two-way communication with AES-128 encryption Connects up to 64 wireless zones\/outputs (including 48<\/p>\n","protected":false},"featured_media":5694,"comment_status":"open","ping_status":"closed","template":"","meta":{"_acf_changed":false},"product_brand":[],"product_cat":[21],"product_tag":[],"class_list":{"0":"post-5693","1":"product","2":"type-product","3":"status-publish","4":"has-post-thumbnail","6":"product_cat-alarme","8":"first","9":"instock","10":"sale","11":"taxable","12":"shipping-taxable","13":"purchasable","14":"product-type-simple"},"acf":[],"yoast_head":"<!-- This site is optimized with the Yoast SEO plugin v25.0 - https:\/\/yoast.com\/wordpress\/plugins\/seo\/ -->\n<title>DS-PWA64-L-WB - SECURETECH FOREVER<\/title>\n<meta name=\"description\" content=\"AX PRO (433MHz)TCP\/IP, Wi-Fi et r\u00e9seau GPRS Nouvelle g\u00e9n\u00e9ration de protocole sans fil\u00a0: Tri-X\/Cam-XLong Distance de transmission RF\" \/>\n<meta name=\"robots\" content=\"index, follow, max-snippet:-1, max-image-preview:large, max-video-preview:-1\" \/>\n<link rel=\"canonical\" href=\"https:\/\/securetechforever.com\/index.php\/produit\/ds-pwa64-l-wb\/\" \/>\n<meta property=\"og:locale\" content=\"fr_FR\" \/>\n<meta property=\"og:type\" content=\"article\" \/>\n<meta property=\"og:title\" content=\"DS-PWA64-L-WB - SECURETECH FOREVER\" \/>\n<meta property=\"og:description\" content=\"AX PRO (433MHz)TCP\/IP, Wi-Fi et r\u00e9seau GPRS Nouvelle g\u00e9n\u00e9ration de protocole sans fil\u00a0: Tri-X\/Cam-XLong Distance de transmission RF\" \/>\n<meta property=\"og:url\" content=\"https:\/\/securetechforever.com\/index.php\/produit\/ds-pwa64-l-wb\/\" \/>\n<meta property=\"og:site_name\" content=\"SECURETECH FOREVER\" \/>\n<meta property=\"article:publisher\" content=\"https:\/\/fr-fr.facebook.com\/abdelouahed.hamadi\/\" \/>\n<meta property=\"og:image\" content=\"https:\/\/securetechforever.com\/wp-content\/uploads\/2024\/03\/DS-PWA64-L-WB.png\" \/>\n\t<meta property=\"og:image:width\" content=\"800\" \/>\n\t<meta property=\"og:image:height\" content=\"450\" \/>\n\t<meta property=\"og:image:type\" content=\"image\/png\" \/>\n<meta name=\"twitter:card\" content=\"summary_large_image\" \/>\n<meta name=\"twitter:site\" content=\"@victorycsf\" \/>\n<meta name=\"twitter:label1\" content=\"Dur\u00e9e de lecture estim\u00e9e\" \/>\n\t<meta name=\"twitter:data1\" content=\"1 minute\" \/>\n<script type=\"application\/ld+json\" class=\"yoast-schema-graph\">{\"@context\":\"https:\/\/schema.org\",\"@graph\":[{\"@type\":\"WebPage\",\"@id\":\"https:\/\/securetechforever.com\/index.php\/produit\/ds-pwa64-l-wb\/\",\"url\":\"https:\/\/securetechforever.com\/index.php\/produit\/ds-pwa64-l-wb\/\",\"name\":\"DS-PWA64-L-WB - SECURETECH FOREVER\",\"isPartOf\":{\"@id\":\"https:\/\/securetechforever.com\/#website\"},\"primaryImageOfPage\":{\"@id\":\"https:\/\/securetechforever.com\/index.php\/produit\/ds-pwa64-l-wb\/#primaryimage\"},\"image\":{\"@id\":\"https:\/\/securetechforever.com\/index.php\/produit\/ds-pwa64-l-wb\/#primaryimage\"},\"thumbnailUrl\":\"https:\/\/securetechforever.com\/wp-content\/uploads\/2024\/03\/DS-PWA64-L-WB.png\",\"datePublished\":\"2024-03-28T17:47:37+00:00\",\"description\":\"AX PRO (433MHz)TCP\/IP, Wi-Fi et r\u00e9seau GPRS Nouvelle g\u00e9n\u00e9ration de protocole sans fil\u00a0: Tri-X\/Cam-XLong Distance de transmission RF\",\"breadcrumb\":{\"@id\":\"https:\/\/securetechforever.com\/index.php\/produit\/ds-pwa64-l-wb\/#breadcrumb\"},\"inLanguage\":\"fr-FR\",\"potentialAction\":[{\"@type\":\"ReadAction\",\"target\":[\"https:\/\/securetechforever.com\/index.php\/produit\/ds-pwa64-l-wb\/\"]}]},{\"@type\":\"ImageObject\",\"inLanguage\":\"fr-FR\",\"@id\":\"https:\/\/securetechforever.com\/index.php\/produit\/ds-pwa64-l-wb\/#primaryimage\",\"url\":\"https:\/\/securetechforever.com\/wp-content\/uploads\/2024\/03\/DS-PWA64-L-WB.png\",\"contentUrl\":\"https:\/\/securetechforever.com\/wp-content\/uploads\/2024\/03\/DS-PWA64-L-WB.png\",\"width\":800,\"height\":450},{\"@type\":\"BreadcrumbList\",\"@id\":\"https:\/\/securetechforever.com\/index.php\/produit\/ds-pwa64-l-wb\/#breadcrumb\",\"itemListElement\":[{\"@type\":\"ListItem\",\"position\":1,\"name\":\"Accueil\",\"item\":\"https:\/\/securetechforever.com\/\"},{\"@type\":\"ListItem\",\"position\":2,\"name\":\"Shop\",\"item\":\"https:\/\/securetechforever.com\/index.php\/shop\/\"},{\"@type\":\"ListItem\",\"position\":3,\"name\":\"DS-PWA64-L-WB\"}]},{\"@type\":\"WebSite\",\"@id\":\"https:\/\/securetechforever.com\/#website\",\"url\":\"https:\/\/securetechforever.com\/\",\"name\":\"SECURETECH FOREVER\",\"description\":\"securtech\",\"publisher\":{\"@id\":\"https:\/\/securetechforever.com\/#organization\"},\"potentialAction\":[{\"@type\":\"SearchAction\",\"target\":{\"@type\":\"EntryPoint\",\"urlTemplate\":\"https:\/\/securetechforever.com\/?s={search_term_string}\"},\"query-input\":{\"@type\":\"PropertyValueSpecification\",\"valueRequired\":true,\"valueName\":\"search_term_string\"}}],\"inLanguage\":\"fr-FR\"},{\"@type\":\"Organization\",\"@id\":\"https:\/\/securetechforever.com\/#organization\",\"name\":\"SECURETECH FOREVER\",\"url\":\"https:\/\/securetechforever.com\/\",\"logo\":{\"@type\":\"ImageObject\",\"inLanguage\":\"fr-FR\",\"@id\":\"https:\/\/securetechforever.com\/#\/schema\/logo\/image\/\",\"url\":\"https:\/\/securetechforever.com\/wp-content\/uploads\/2024\/03\/cropped-Securetech-forever-png.png\",\"contentUrl\":\"https:\/\/securetechforever.com\/wp-content\/uploads\/2024\/03\/cropped-Securetech-forever-png.png\",\"width\":2490,\"height\":212,\"caption\":\"SECURETECH FOREVER\"},\"image\":{\"@id\":\"https:\/\/securetechforever.com\/#\/schema\/logo\/image\/\"},\"sameAs\":[\"https:\/\/fr-fr.facebook.com\/abdelouahed.hamadi\/\",\"https:\/\/x.com\/victorycsf\"]}]}<\/script>\n<!-- \/ Yoast SEO plugin. -->","yoast_head_json":{"title":"DS-PWA64-L-WB - SECURETECH FOREVER","description":"AX PRO (433MHz)TCP\/IP, Wi-Fi et r\u00e9seau GPRS Nouvelle g\u00e9n\u00e9ration de protocole sans fil\u00a0: Tri-X\/Cam-XLong Distance de transmission RF","robots":{"index":"index","follow":"follow","max-snippet":"max-snippet:-1","max-image-preview":"max-image-preview:large","max-video-preview":"max-video-preview:-1"},"canonical":"https:\/\/securetechforever.com\/index.php\/produit\/ds-pwa64-l-wb\/","og_locale":"fr_FR","og_type":"article","og_title":"DS-PWA64-L-WB - SECURETECH FOREVER","og_description":"AX PRO (433MHz)TCP\/IP, Wi-Fi et r\u00e9seau GPRS Nouvelle g\u00e9n\u00e9ration de protocole sans fil\u00a0: Tri-X\/Cam-XLong Distance de transmission RF","og_url":"https:\/\/securetechforever.com\/index.php\/produit\/ds-pwa64-l-wb\/","og_site_name":"SECURETECH FOREVER","article_publisher":"https:\/\/fr-fr.facebook.com\/abdelouahed.hamadi\/","og_image":[{"width":800,"height":450,"url":"https:\/\/securetechforever.com\/wp-content\/uploads\/2024\/03\/DS-PWA64-L-WB.png","type":"image\/png"}],"twitter_card":"summary_large_image","twitter_site":"@victorycsf","twitter_misc":{"Dur\u00e9e de lecture estim\u00e9e":"1 minute"},"schema":{"@context":"https:\/\/schema.org","@graph":[{"@type":"WebPage","@id":"https:\/\/securetechforever.com\/index.php\/produit\/ds-pwa64-l-wb\/","url":"https:\/\/securetechforever.com\/index.php\/produit\/ds-pwa64-l-wb\/","name":"DS-PWA64-L-WB - SECURETECH FOREVER","isPartOf":{"@id":"https:\/\/securetechforever.com\/#website"},"primaryImageOfPage":{"@id":"https:\/\/securetechforever.com\/index.php\/produit\/ds-pwa64-l-wb\/#primaryimage"},"image":{"@id":"https:\/\/securetechforever.com\/index.php\/produit\/ds-pwa64-l-wb\/#primaryimage"},"thumbnailUrl":"https:\/\/securetechforever.com\/wp-content\/uploads\/2024\/03\/DS-PWA64-L-WB.png","datePublished":"2024-03-28T17:47:37+00:00","description":"AX PRO (433MHz)TCP\/IP, Wi-Fi et r\u00e9seau GPRS Nouvelle g\u00e9n\u00e9ration de protocole sans fil\u00a0: Tri-X\/Cam-XLong Distance de transmission RF","breadcrumb":{"@id":"https:\/\/securetechforever.com\/index.php\/produit\/ds-pwa64-l-wb\/#breadcrumb"},"inLanguage":"fr-FR","potentialAction":[{"@type":"ReadAction","target":["https:\/\/securetechforever.com\/index.php\/produit\/ds-pwa64-l-wb\/"]}]},{"@type":"ImageObject","inLanguage":"fr-FR","@id":"https:\/\/securetechforever.com\/index.php\/produit\/ds-pwa64-l-wb\/#primaryimage","url":"https:\/\/securetechforever.com\/wp-content\/uploads\/2024\/03\/DS-PWA64-L-WB.png","contentUrl":"https:\/\/securetechforever.com\/wp-content\/uploads\/2024\/03\/DS-PWA64-L-WB.png","width":800,"height":450},{"@type":"BreadcrumbList","@id":"https:\/\/securetechforever.com\/index.php\/produit\/ds-pwa64-l-wb\/#breadcrumb","itemListElement":[{"@type":"ListItem","position":1,"name":"Accueil","item":"https:\/\/securetechforever.com\/"},{"@type":"ListItem","position":2,"name":"Shop","item":"https:\/\/securetechforever.com\/index.php\/shop\/"},{"@type":"ListItem","position":3,"name":"DS-PWA64-L-WB"}]},{"@type":"WebSite","@id":"https:\/\/securetechforever.com\/#website","url":"https:\/\/securetechforever.com\/","name":"SECURETECH FOREVER","description":"securtech","publisher":{"@id":"https:\/\/securetechforever.com\/#organization"},"potentialAction":[{"@type":"SearchAction","target":{"@type":"EntryPoint","urlTemplate":"https:\/\/securetechforever.com\/?s={search_term_string}"},"query-input":{"@type":"PropertyValueSpecification","valueRequired":true,"valueName":"search_term_string"}}],"inLanguage":"fr-FR"},{"@type":"Organization","@id":"https:\/\/securetechforever.com\/#organization","name":"SECURETECH FOREVER","url":"https:\/\/securetechforever.com\/","logo":{"@type":"ImageObject","inLanguage":"fr-FR","@id":"https:\/\/securetechforever.com\/#\/schema\/logo\/image\/","url":"https:\/\/securetechforever.com\/wp-content\/uploads\/2024\/03\/cropped-Securetech-forever-png.png","contentUrl":"https:\/\/securetechforever.com\/wp-content\/uploads\/2024\/03\/cropped-Securetech-forever-png.png","width":2490,"height":212,"caption":"SECURETECH FOREVER"},"image":{"@id":"https:\/\/securetechforever.com\/#\/schema\/logo\/image\/"},"sameAs":["https:\/\/fr-fr.facebook.com\/abdelouahed.hamadi\/","https:\/\/x.com\/victorycsf"]}]}},"jetpack_sharing_enabled":true,"_links":{"self":[{"href":"https:\/\/securetechforever.com\/index.php\/wp-json\/wp\/v2\/product\/5693","targetHints":{"allow":["GET"]}}],"collection":[{"href":"https:\/\/securetechforever.com\/index.php\/wp-json\/wp\/v2\/product"}],"about":[{"href":"https:\/\/securetechforever.com\/index.php\/wp-json\/wp\/v2\/types\/product"}],"replies":[{"embeddable":true,"href":"https:\/\/securetechforever.com\/index.php\/wp-json\/wp\/v2\/comments?post=5693"}],"wp:featuredmedia":[{"embeddable":true,"href":"https:\/\/securetechforever.com\/index.php\/wp-json\/wp\/v2\/media\/5694"}],"wp:attachment":[{"href":"https:\/\/securetechforever.com\/index.php\/wp-json\/wp\/v2\/media?parent=5693"}],"wp:term":[{"taxonomy":"product_brand","embeddable":true,"href":"https:\/\/securetechforever.com\/index.php\/wp-json\/wp\/v2\/product_brand?post=5693"},{"taxonomy":"product_cat","embeddable":true,"href":"https:\/\/securetechforever.com\/index.php\/wp-json\/wp\/v2\/product_cat?post=5693"},{"taxonomy":"product_tag","embeddable":true,"href":"https:\/\/securetechforever.com\/index.php\/wp-json\/wp\/v2\/product_tag?post=5693"}],"curies":[{"name":"wp","href":"https:\/\/api.w.org\/{rel}","templated":true}]}}