{"id":5667,"date":"2024-03-20T14:47:28","date_gmt":"2024-03-20T13:47:28","guid":{"rendered":"https:\/\/securetechforever.com\/?post_type=product&#038;p=5667"},"modified":"2024-03-21T17:02:37","modified_gmt":"2024-03-21T16:02:37","slug":"ds-7732nxi-k4","status":"publish","type":"product","link":"https:\/\/securetechforever.com\/index.php\/produit\/ds-7732nxi-k4\/","title":{"rendered":"DS-7732NXI-K4"},"content":{"rendered":"<ul>\n<li>Up to 32-ch IP camera inputs<\/li>\n<li>H.265+\/H.265\/H.264+\/H.264 video formats<\/li>\n<li>Up to 2-ch@12 MP or 3-ch@8 MP or 6-ch@4 MP or 12-ch@1080p decoding capacity<\/li>\n<li>Up to 256 Mbps incoming bandwidth<\/li>\n<li>Adopt Hikvision Acusense technology to minimize manual effort and security costs<\/li>\n<\/ul>\n","protected":false},"excerpt":{"rendered":"<p>Up to 32-ch IP camera inputs H.265+\/H.265\/H.264+\/H.264 video formats Up to 2-ch@12 MP or 3-ch@8 MP or 6-ch@4 MP or 12-ch@1080p decoding capacity Up to 256 Mbps incoming bandwidth Adopt<\/p>\n","protected":false},"featured_media":5668,"comment_status":"open","ping_status":"closed","template":"","meta":{"_acf_changed":false},"product_brand":[],"product_cat":[24,244],"product_tag":[254,253,255],"class_list":{"0":"post-5667","1":"product","2":"type-product","3":"status-publish","4":"has-post-thumbnail","6":"product_cat-network","7":"product_cat-nvr","8":"product_tag-cameras","9":"product_tag-nvr","10":"product_tag-surveillance","12":"first","13":"instock","14":"sale","15":"taxable","16":"shipping-taxable","17":"purchasable","18":"product-type-simple"},"acf":[],"yoast_head":"<!-- This site is optimized with the Yoast SEO plugin v25.0 - https:\/\/yoast.com\/wordpress\/plugins\/seo\/ -->\n<title>ds-7732nxi-k4 - SECURETECH FOREVER<\/title>\n<meta name=\"description\" content=\"Le NVR DS-7732NXI-K4 offre une surveillance avanc\u00e9e avec jusqu&#039;\u00e0 32 cam\u00e9ras IP, r\u00e9solution 4K et stockage s\u00e9curis\u00e9. D\u00e9couvrez le d\u00e8s maintenant.\" \/>\n<meta name=\"robots\" content=\"index, follow, max-snippet:-1, max-image-preview:large, max-video-preview:-1\" \/>\n<link rel=\"canonical\" href=\"https:\/\/securetechforever.com\/index.php\/produit\/ds-7732nxi-k4\/\" \/>\n<meta property=\"og:locale\" content=\"fr_FR\" \/>\n<meta property=\"og:type\" content=\"article\" \/>\n<meta property=\"og:title\" content=\"ds-7732nxi-k4 - SECURETECH FOREVER\" \/>\n<meta property=\"og:description\" content=\"Le NVR DS-7732NXI-K4 offre une surveillance avanc\u00e9e avec jusqu&#039;\u00e0 32 cam\u00e9ras IP, r\u00e9solution 4K et stockage s\u00e9curis\u00e9. D\u00e9couvrez le d\u00e8s maintenant.\" \/>\n<meta property=\"og:url\" content=\"https:\/\/securetechforever.com\/index.php\/produit\/ds-7732nxi-k4\/\" \/>\n<meta property=\"og:site_name\" content=\"SECURETECH FOREVER\" \/>\n<meta property=\"article:publisher\" content=\"https:\/\/fr-fr.facebook.com\/abdelouahed.hamadi\/\" \/>\n<meta property=\"article:modified_time\" content=\"2024-03-21T16:02:37+00:00\" \/>\n<meta property=\"og:image\" content=\"https:\/\/securetechforever.com\/wp-content\/uploads\/2024\/03\/DS-7732NXI-K4.png\" \/>\n\t<meta property=\"og:image:width\" content=\"800\" \/>\n\t<meta property=\"og:image:height\" content=\"800\" \/>\n\t<meta property=\"og:image:type\" content=\"image\/png\" \/>\n<meta name=\"twitter:card\" content=\"summary_large_image\" \/>\n<meta name=\"twitter:site\" content=\"@victorycsf\" \/>\n<meta name=\"twitter:label1\" content=\"Dur\u00e9e de lecture estim\u00e9e\" \/>\n\t<meta name=\"twitter:data1\" content=\"1 minute\" \/>\n<script type=\"application\/ld+json\" class=\"yoast-schema-graph\">{\"@context\":\"https:\/\/schema.org\",\"@graph\":[{\"@type\":\"WebPage\",\"@id\":\"https:\/\/securetechforever.com\/index.php\/produit\/ds-7732nxi-k4\/\",\"url\":\"https:\/\/securetechforever.com\/index.php\/produit\/ds-7732nxi-k4\/\",\"name\":\"ds-7732nxi-k4 - SECURETECH FOREVER\",\"isPartOf\":{\"@id\":\"https:\/\/securetechforever.com\/#website\"},\"primaryImageOfPage\":{\"@id\":\"https:\/\/securetechforever.com\/index.php\/produit\/ds-7732nxi-k4\/#primaryimage\"},\"image\":{\"@id\":\"https:\/\/securetechforever.com\/index.php\/produit\/ds-7732nxi-k4\/#primaryimage\"},\"thumbnailUrl\":\"https:\/\/securetechforever.com\/wp-content\/uploads\/2024\/03\/DS-7732NXI-K4.png\",\"datePublished\":\"2024-03-20T13:47:28+00:00\",\"dateModified\":\"2024-03-21T16:02:37+00:00\",\"description\":\"Le NVR DS-7732NXI-K4 offre une surveillance avanc\u00e9e avec jusqu'\u00e0 32 cam\u00e9ras IP, r\u00e9solution 4K et stockage s\u00e9curis\u00e9. D\u00e9couvrez le d\u00e8s maintenant.\",\"breadcrumb\":{\"@id\":\"https:\/\/securetechforever.com\/index.php\/produit\/ds-7732nxi-k4\/#breadcrumb\"},\"inLanguage\":\"fr-FR\",\"potentialAction\":[{\"@type\":\"ReadAction\",\"target\":[\"https:\/\/securetechforever.com\/index.php\/produit\/ds-7732nxi-k4\/\"]}]},{\"@type\":\"ImageObject\",\"inLanguage\":\"fr-FR\",\"@id\":\"https:\/\/securetechforever.com\/index.php\/produit\/ds-7732nxi-k4\/#primaryimage\",\"url\":\"https:\/\/securetechforever.com\/wp-content\/uploads\/2024\/03\/DS-7732NXI-K4.png\",\"contentUrl\":\"https:\/\/securetechforever.com\/wp-content\/uploads\/2024\/03\/DS-7732NXI-K4.png\",\"width\":800,\"height\":800,\"caption\":\"ds-7732nxi-k4\"},{\"@type\":\"BreadcrumbList\",\"@id\":\"https:\/\/securetechforever.com\/index.php\/produit\/ds-7732nxi-k4\/#breadcrumb\",\"itemListElement\":[{\"@type\":\"ListItem\",\"position\":1,\"name\":\"Accueil\",\"item\":\"https:\/\/securetechforever.com\/\"},{\"@type\":\"ListItem\",\"position\":2,\"name\":\"Shop\",\"item\":\"https:\/\/securetechforever.com\/index.php\/shop\/\"},{\"@type\":\"ListItem\",\"position\":3,\"name\":\"DS-7732NXI-K4\"}]},{\"@type\":\"WebSite\",\"@id\":\"https:\/\/securetechforever.com\/#website\",\"url\":\"https:\/\/securetechforever.com\/\",\"name\":\"SECURETECH FOREVER\",\"description\":\"securtech\",\"publisher\":{\"@id\":\"https:\/\/securetechforever.com\/#organization\"},\"potentialAction\":[{\"@type\":\"SearchAction\",\"target\":{\"@type\":\"EntryPoint\",\"urlTemplate\":\"https:\/\/securetechforever.com\/?s={search_term_string}\"},\"query-input\":{\"@type\":\"PropertyValueSpecification\",\"valueRequired\":true,\"valueName\":\"search_term_string\"}}],\"inLanguage\":\"fr-FR\"},{\"@type\":\"Organization\",\"@id\":\"https:\/\/securetechforever.com\/#organization\",\"name\":\"SECURETECH FOREVER\",\"url\":\"https:\/\/securetechforever.com\/\",\"logo\":{\"@type\":\"ImageObject\",\"inLanguage\":\"fr-FR\",\"@id\":\"https:\/\/securetechforever.com\/#\/schema\/logo\/image\/\",\"url\":\"https:\/\/securetechforever.com\/wp-content\/uploads\/2024\/03\/cropped-Securetech-forever-png.png\",\"contentUrl\":\"https:\/\/securetechforever.com\/wp-content\/uploads\/2024\/03\/cropped-Securetech-forever-png.png\",\"width\":2490,\"height\":212,\"caption\":\"SECURETECH FOREVER\"},\"image\":{\"@id\":\"https:\/\/securetechforever.com\/#\/schema\/logo\/image\/\"},\"sameAs\":[\"https:\/\/fr-fr.facebook.com\/abdelouahed.hamadi\/\",\"https:\/\/x.com\/victorycsf\"]}]}<\/script>\n<!-- \/ Yoast SEO plugin. -->","yoast_head_json":{"title":"ds-7732nxi-k4 - SECURETECH FOREVER","description":"Le NVR DS-7732NXI-K4 offre une surveillance avanc\u00e9e avec jusqu'\u00e0 32 cam\u00e9ras IP, r\u00e9solution 4K et stockage s\u00e9curis\u00e9. D\u00e9couvrez le d\u00e8s maintenant.","robots":{"index":"index","follow":"follow","max-snippet":"max-snippet:-1","max-image-preview":"max-image-preview:large","max-video-preview":"max-video-preview:-1"},"canonical":"https:\/\/securetechforever.com\/index.php\/produit\/ds-7732nxi-k4\/","og_locale":"fr_FR","og_type":"article","og_title":"ds-7732nxi-k4 - SECURETECH FOREVER","og_description":"Le NVR DS-7732NXI-K4 offre une surveillance avanc\u00e9e avec jusqu'\u00e0 32 cam\u00e9ras IP, r\u00e9solution 4K et stockage s\u00e9curis\u00e9. D\u00e9couvrez le d\u00e8s maintenant.","og_url":"https:\/\/securetechforever.com\/index.php\/produit\/ds-7732nxi-k4\/","og_site_name":"SECURETECH FOREVER","article_publisher":"https:\/\/fr-fr.facebook.com\/abdelouahed.hamadi\/","article_modified_time":"2024-03-21T16:02:37+00:00","og_image":[{"width":800,"height":800,"url":"https:\/\/securetechforever.com\/wp-content\/uploads\/2024\/03\/DS-7732NXI-K4.png","type":"image\/png"}],"twitter_card":"summary_large_image","twitter_site":"@victorycsf","twitter_misc":{"Dur\u00e9e de lecture estim\u00e9e":"1 minute"},"schema":{"@context":"https:\/\/schema.org","@graph":[{"@type":"WebPage","@id":"https:\/\/securetechforever.com\/index.php\/produit\/ds-7732nxi-k4\/","url":"https:\/\/securetechforever.com\/index.php\/produit\/ds-7732nxi-k4\/","name":"ds-7732nxi-k4 - SECURETECH FOREVER","isPartOf":{"@id":"https:\/\/securetechforever.com\/#website"},"primaryImageOfPage":{"@id":"https:\/\/securetechforever.com\/index.php\/produit\/ds-7732nxi-k4\/#primaryimage"},"image":{"@id":"https:\/\/securetechforever.com\/index.php\/produit\/ds-7732nxi-k4\/#primaryimage"},"thumbnailUrl":"https:\/\/securetechforever.com\/wp-content\/uploads\/2024\/03\/DS-7732NXI-K4.png","datePublished":"2024-03-20T13:47:28+00:00","dateModified":"2024-03-21T16:02:37+00:00","description":"Le NVR DS-7732NXI-K4 offre une surveillance avanc\u00e9e avec jusqu'\u00e0 32 cam\u00e9ras IP, r\u00e9solution 4K et stockage s\u00e9curis\u00e9. D\u00e9couvrez le d\u00e8s maintenant.","breadcrumb":{"@id":"https:\/\/securetechforever.com\/index.php\/produit\/ds-7732nxi-k4\/#breadcrumb"},"inLanguage":"fr-FR","potentialAction":[{"@type":"ReadAction","target":["https:\/\/securetechforever.com\/index.php\/produit\/ds-7732nxi-k4\/"]}]},{"@type":"ImageObject","inLanguage":"fr-FR","@id":"https:\/\/securetechforever.com\/index.php\/produit\/ds-7732nxi-k4\/#primaryimage","url":"https:\/\/securetechforever.com\/wp-content\/uploads\/2024\/03\/DS-7732NXI-K4.png","contentUrl":"https:\/\/securetechforever.com\/wp-content\/uploads\/2024\/03\/DS-7732NXI-K4.png","width":800,"height":800,"caption":"ds-7732nxi-k4"},{"@type":"BreadcrumbList","@id":"https:\/\/securetechforever.com\/index.php\/produit\/ds-7732nxi-k4\/#breadcrumb","itemListElement":[{"@type":"ListItem","position":1,"name":"Accueil","item":"https:\/\/securetechforever.com\/"},{"@type":"ListItem","position":2,"name":"Shop","item":"https:\/\/securetechforever.com\/index.php\/shop\/"},{"@type":"ListItem","position":3,"name":"DS-7732NXI-K4"}]},{"@type":"WebSite","@id":"https:\/\/securetechforever.com\/#website","url":"https:\/\/securetechforever.com\/","name":"SECURETECH FOREVER","description":"securtech","publisher":{"@id":"https:\/\/securetechforever.com\/#organization"},"potentialAction":[{"@type":"SearchAction","target":{"@type":"EntryPoint","urlTemplate":"https:\/\/securetechforever.com\/?s={search_term_string}"},"query-input":{"@type":"PropertyValueSpecification","valueRequired":true,"valueName":"search_term_string"}}],"inLanguage":"fr-FR"},{"@type":"Organization","@id":"https:\/\/securetechforever.com\/#organization","name":"SECURETECH FOREVER","url":"https:\/\/securetechforever.com\/","logo":{"@type":"ImageObject","inLanguage":"fr-FR","@id":"https:\/\/securetechforever.com\/#\/schema\/logo\/image\/","url":"https:\/\/securetechforever.com\/wp-content\/uploads\/2024\/03\/cropped-Securetech-forever-png.png","contentUrl":"https:\/\/securetechforever.com\/wp-content\/uploads\/2024\/03\/cropped-Securetech-forever-png.png","width":2490,"height":212,"caption":"SECURETECH FOREVER"},"image":{"@id":"https:\/\/securetechforever.com\/#\/schema\/logo\/image\/"},"sameAs":["https:\/\/fr-fr.facebook.com\/abdelouahed.hamadi\/","https:\/\/x.com\/victorycsf"]}]}},"jetpack_sharing_enabled":true,"_links":{"self":[{"href":"https:\/\/securetechforever.com\/index.php\/wp-json\/wp\/v2\/product\/5667","targetHints":{"allow":["GET"]}}],"collection":[{"href":"https:\/\/securetechforever.com\/index.php\/wp-json\/wp\/v2\/product"}],"about":[{"href":"https:\/\/securetechforever.com\/index.php\/wp-json\/wp\/v2\/types\/product"}],"replies":[{"embeddable":true,"href":"https:\/\/securetechforever.com\/index.php\/wp-json\/wp\/v2\/comments?post=5667"}],"wp:featuredmedia":[{"embeddable":true,"href":"https:\/\/securetechforever.com\/index.php\/wp-json\/wp\/v2\/media\/5668"}],"wp:attachment":[{"href":"https:\/\/securetechforever.com\/index.php\/wp-json\/wp\/v2\/media?parent=5667"}],"wp:term":[{"taxonomy":"product_brand","embeddable":true,"href":"https:\/\/securetechforever.com\/index.php\/wp-json\/wp\/v2\/product_brand?post=5667"},{"taxonomy":"product_cat","embeddable":true,"href":"https:\/\/securetechforever.com\/index.php\/wp-json\/wp\/v2\/product_cat?post=5667"},{"taxonomy":"product_tag","embeddable":true,"href":"https:\/\/securetechforever.com\/index.php\/wp-json\/wp\/v2\/product_tag?post=5667"}],"curies":[{"name":"wp","href":"https:\/\/api.w.org\/{rel}","templated":true}]}}