{"id":5634,"date":"2024-03-18T11:02:39","date_gmt":"2024-03-18T10:02:39","guid":{"rendered":"https:\/\/securetechforever.com\/?post_type=product&#038;p=5634"},"modified":"2024-03-18T11:02:40","modified_gmt":"2024-03-18T10:02:40","slug":"shelly-ht","status":"publish","type":"product","link":"https:\/\/securetechforever.com\/index.php\/produit\/shelly-ht\/","title":{"rendered":"Shelly H&#038;T"},"content":{"rendered":"<ul>\n<li>Capteur d&#8217;humidit\u00e9 et de temp\u00e9rature Wi-Fi<\/li>\n<li>Shelly H&amp;T poss\u00e8de des modules int\u00e9gr\u00e9s pour l&#8217;humidit\u00e9 et la temp\u00e9rature et est petit ce qui lui permet de s&#8217;int\u00e9grer dans n&#8217;importe quelle d\u00e9coration d&#8217;int\u00e9rieur tout en vous aidant \u00e0 maintenir une temp\u00e9rature agr\u00e9able et un niveau d&#8217;humidit\u00e9 sain dans votre habitation.<\/li>\n<li>Pile : 1 CR123A (non incluse)<\/li>\n<\/ul>\n","protected":false},"excerpt":{"rendered":"<p>Capteur d&#8217;humidit\u00e9 et de temp\u00e9rature Wi-Fi Shelly H&amp;T poss\u00e8de des modules int\u00e9gr\u00e9s pour l&#8217;humidit\u00e9 et la temp\u00e9rature et est petit ce qui lui permet de s&#8217;int\u00e9grer dans n&#8217;importe quelle d\u00e9coration<\/p>\n","protected":false},"featured_media":5635,"comment_status":"open","ping_status":"closed","template":"","meta":{"_acf_changed":false},"product_brand":[],"product_cat":[252],"product_tag":[],"class_list":{"0":"post-5634","1":"product","2":"type-product","3":"status-publish","4":"has-post-thumbnail","6":"product_cat-domotique","8":"first","9":"instock","10":"sale","11":"taxable","12":"shipping-taxable","13":"purchasable","14":"product-type-simple"},"acf":[],"yoast_head":"<!-- This site is optimized with the Yoast SEO plugin v25.0 - https:\/\/yoast.com\/wordpress\/plugins\/seo\/ -->\n<title>Shelly H&amp;T - SECURETECH FOREVER<\/title>\n<meta name=\"robots\" content=\"index, follow, max-snippet:-1, max-image-preview:large, max-video-preview:-1\" \/>\n<link rel=\"canonical\" href=\"https:\/\/securetechforever.com\/index.php\/produit\/shelly-ht\/\" \/>\n<meta property=\"og:locale\" content=\"fr_FR\" \/>\n<meta property=\"og:type\" content=\"article\" \/>\n<meta property=\"og:title\" content=\"Shelly H&amp;T - SECURETECH FOREVER\" \/>\n<meta property=\"og:description\" content=\"Capteur d&#8217;humidit\u00e9 et de temp\u00e9rature Wi-Fi Shelly H&amp;T poss\u00e8de des modules int\u00e9gr\u00e9s pour l&#8217;humidit\u00e9 et la temp\u00e9rature et est petit ce qui lui permet de s&#8217;int\u00e9grer dans n&#8217;importe quelle d\u00e9coration\" \/>\n<meta property=\"og:url\" content=\"https:\/\/securetechforever.com\/index.php\/produit\/shelly-ht\/\" \/>\n<meta property=\"og:site_name\" content=\"SECURETECH FOREVER\" \/>\n<meta property=\"article:publisher\" content=\"https:\/\/fr-fr.facebook.com\/abdelouahed.hamadi\/\" \/>\n<meta property=\"article:modified_time\" content=\"2024-03-18T10:02:40+00:00\" \/>\n<meta property=\"og:image\" content=\"https:\/\/securetechforever.com\/wp-content\/uploads\/2024\/03\/Shelly_HT_White.png\" \/>\n\t<meta property=\"og:image:width\" content=\"938\" \/>\n\t<meta property=\"og:image:height\" content=\"938\" \/>\n\t<meta property=\"og:image:type\" content=\"image\/png\" \/>\n<meta name=\"twitter:card\" content=\"summary_large_image\" \/>\n<meta name=\"twitter:site\" content=\"@victorycsf\" \/>\n<script type=\"application\/ld+json\" class=\"yoast-schema-graph\">{\"@context\":\"https:\/\/schema.org\",\"@graph\":[{\"@type\":\"WebPage\",\"@id\":\"https:\/\/securetechforever.com\/index.php\/produit\/shelly-ht\/\",\"url\":\"https:\/\/securetechforever.com\/index.php\/produit\/shelly-ht\/\",\"name\":\"Shelly H&T - SECURETECH FOREVER\",\"isPartOf\":{\"@id\":\"https:\/\/securetechforever.com\/#website\"},\"primaryImageOfPage\":{\"@id\":\"https:\/\/securetechforever.com\/index.php\/produit\/shelly-ht\/#primaryimage\"},\"image\":{\"@id\":\"https:\/\/securetechforever.com\/index.php\/produit\/shelly-ht\/#primaryimage\"},\"thumbnailUrl\":\"https:\/\/securetechforever.com\/wp-content\/uploads\/2024\/03\/Shelly_HT_White.png\",\"datePublished\":\"2024-03-18T10:02:39+00:00\",\"dateModified\":\"2024-03-18T10:02:40+00:00\",\"breadcrumb\":{\"@id\":\"https:\/\/securetechforever.com\/index.php\/produit\/shelly-ht\/#breadcrumb\"},\"inLanguage\":\"fr-FR\",\"potentialAction\":[{\"@type\":\"ReadAction\",\"target\":[\"https:\/\/securetechforever.com\/index.php\/produit\/shelly-ht\/\"]}]},{\"@type\":\"ImageObject\",\"inLanguage\":\"fr-FR\",\"@id\":\"https:\/\/securetechforever.com\/index.php\/produit\/shelly-ht\/#primaryimage\",\"url\":\"https:\/\/securetechforever.com\/wp-content\/uploads\/2024\/03\/Shelly_HT_White.png\",\"contentUrl\":\"https:\/\/securetechforever.com\/wp-content\/uploads\/2024\/03\/Shelly_HT_White.png\",\"width\":938,\"height\":938},{\"@type\":\"BreadcrumbList\",\"@id\":\"https:\/\/securetechforever.com\/index.php\/produit\/shelly-ht\/#breadcrumb\",\"itemListElement\":[{\"@type\":\"ListItem\",\"position\":1,\"name\":\"Accueil\",\"item\":\"https:\/\/securetechforever.com\/\"},{\"@type\":\"ListItem\",\"position\":2,\"name\":\"Shop\",\"item\":\"https:\/\/securetechforever.com\/index.php\/shop\/\"},{\"@type\":\"ListItem\",\"position\":3,\"name\":\"Shelly H&#038;T\"}]},{\"@type\":\"WebSite\",\"@id\":\"https:\/\/securetechforever.com\/#website\",\"url\":\"https:\/\/securetechforever.com\/\",\"name\":\"SECURETECH FOREVER\",\"description\":\"securtech\",\"publisher\":{\"@id\":\"https:\/\/securetechforever.com\/#organization\"},\"potentialAction\":[{\"@type\":\"SearchAction\",\"target\":{\"@type\":\"EntryPoint\",\"urlTemplate\":\"https:\/\/securetechforever.com\/?s={search_term_string}\"},\"query-input\":{\"@type\":\"PropertyValueSpecification\",\"valueRequired\":true,\"valueName\":\"search_term_string\"}}],\"inLanguage\":\"fr-FR\"},{\"@type\":\"Organization\",\"@id\":\"https:\/\/securetechforever.com\/#organization\",\"name\":\"SECURETECH FOREVER\",\"url\":\"https:\/\/securetechforever.com\/\",\"logo\":{\"@type\":\"ImageObject\",\"inLanguage\":\"fr-FR\",\"@id\":\"https:\/\/securetechforever.com\/#\/schema\/logo\/image\/\",\"url\":\"https:\/\/securetechforever.com\/wp-content\/uploads\/2024\/03\/cropped-Securetech-forever-png.png\",\"contentUrl\":\"https:\/\/securetechforever.com\/wp-content\/uploads\/2024\/03\/cropped-Securetech-forever-png.png\",\"width\":2490,\"height\":212,\"caption\":\"SECURETECH FOREVER\"},\"image\":{\"@id\":\"https:\/\/securetechforever.com\/#\/schema\/logo\/image\/\"},\"sameAs\":[\"https:\/\/fr-fr.facebook.com\/abdelouahed.hamadi\/\",\"https:\/\/x.com\/victorycsf\"]}]}<\/script>\n<!-- \/ Yoast SEO plugin. -->","yoast_head_json":{"title":"Shelly H&T - SECURETECH FOREVER","robots":{"index":"index","follow":"follow","max-snippet":"max-snippet:-1","max-image-preview":"max-image-preview:large","max-video-preview":"max-video-preview:-1"},"canonical":"https:\/\/securetechforever.com\/index.php\/produit\/shelly-ht\/","og_locale":"fr_FR","og_type":"article","og_title":"Shelly H&T - SECURETECH FOREVER","og_description":"Capteur d&#8217;humidit\u00e9 et de temp\u00e9rature Wi-Fi Shelly H&amp;T poss\u00e8de des modules int\u00e9gr\u00e9s pour l&#8217;humidit\u00e9 et la temp\u00e9rature et est petit ce qui lui permet de s&#8217;int\u00e9grer dans n&#8217;importe quelle d\u00e9coration","og_url":"https:\/\/securetechforever.com\/index.php\/produit\/shelly-ht\/","og_site_name":"SECURETECH FOREVER","article_publisher":"https:\/\/fr-fr.facebook.com\/abdelouahed.hamadi\/","article_modified_time":"2024-03-18T10:02:40+00:00","og_image":[{"width":938,"height":938,"url":"https:\/\/securetechforever.com\/wp-content\/uploads\/2024\/03\/Shelly_HT_White.png","type":"image\/png"}],"twitter_card":"summary_large_image","twitter_site":"@victorycsf","schema":{"@context":"https:\/\/schema.org","@graph":[{"@type":"WebPage","@id":"https:\/\/securetechforever.com\/index.php\/produit\/shelly-ht\/","url":"https:\/\/securetechforever.com\/index.php\/produit\/shelly-ht\/","name":"Shelly H&T - SECURETECH FOREVER","isPartOf":{"@id":"https:\/\/securetechforever.com\/#website"},"primaryImageOfPage":{"@id":"https:\/\/securetechforever.com\/index.php\/produit\/shelly-ht\/#primaryimage"},"image":{"@id":"https:\/\/securetechforever.com\/index.php\/produit\/shelly-ht\/#primaryimage"},"thumbnailUrl":"https:\/\/securetechforever.com\/wp-content\/uploads\/2024\/03\/Shelly_HT_White.png","datePublished":"2024-03-18T10:02:39+00:00","dateModified":"2024-03-18T10:02:40+00:00","breadcrumb":{"@id":"https:\/\/securetechforever.com\/index.php\/produit\/shelly-ht\/#breadcrumb"},"inLanguage":"fr-FR","potentialAction":[{"@type":"ReadAction","target":["https:\/\/securetechforever.com\/index.php\/produit\/shelly-ht\/"]}]},{"@type":"ImageObject","inLanguage":"fr-FR","@id":"https:\/\/securetechforever.com\/index.php\/produit\/shelly-ht\/#primaryimage","url":"https:\/\/securetechforever.com\/wp-content\/uploads\/2024\/03\/Shelly_HT_White.png","contentUrl":"https:\/\/securetechforever.com\/wp-content\/uploads\/2024\/03\/Shelly_HT_White.png","width":938,"height":938},{"@type":"BreadcrumbList","@id":"https:\/\/securetechforever.com\/index.php\/produit\/shelly-ht\/#breadcrumb","itemListElement":[{"@type":"ListItem","position":1,"name":"Accueil","item":"https:\/\/securetechforever.com\/"},{"@type":"ListItem","position":2,"name":"Shop","item":"https:\/\/securetechforever.com\/index.php\/shop\/"},{"@type":"ListItem","position":3,"name":"Shelly H&#038;T"}]},{"@type":"WebSite","@id":"https:\/\/securetechforever.com\/#website","url":"https:\/\/securetechforever.com\/","name":"SECURETECH FOREVER","description":"securtech","publisher":{"@id":"https:\/\/securetechforever.com\/#organization"},"potentialAction":[{"@type":"SearchAction","target":{"@type":"EntryPoint","urlTemplate":"https:\/\/securetechforever.com\/?s={search_term_string}"},"query-input":{"@type":"PropertyValueSpecification","valueRequired":true,"valueName":"search_term_string"}}],"inLanguage":"fr-FR"},{"@type":"Organization","@id":"https:\/\/securetechforever.com\/#organization","name":"SECURETECH FOREVER","url":"https:\/\/securetechforever.com\/","logo":{"@type":"ImageObject","inLanguage":"fr-FR","@id":"https:\/\/securetechforever.com\/#\/schema\/logo\/image\/","url":"https:\/\/securetechforever.com\/wp-content\/uploads\/2024\/03\/cropped-Securetech-forever-png.png","contentUrl":"https:\/\/securetechforever.com\/wp-content\/uploads\/2024\/03\/cropped-Securetech-forever-png.png","width":2490,"height":212,"caption":"SECURETECH FOREVER"},"image":{"@id":"https:\/\/securetechforever.com\/#\/schema\/logo\/image\/"},"sameAs":["https:\/\/fr-fr.facebook.com\/abdelouahed.hamadi\/","https:\/\/x.com\/victorycsf"]}]}},"jetpack_sharing_enabled":true,"_links":{"self":[{"href":"https:\/\/securetechforever.com\/index.php\/wp-json\/wp\/v2\/product\/5634","targetHints":{"allow":["GET"]}}],"collection":[{"href":"https:\/\/securetechforever.com\/index.php\/wp-json\/wp\/v2\/product"}],"about":[{"href":"https:\/\/securetechforever.com\/index.php\/wp-json\/wp\/v2\/types\/product"}],"replies":[{"embeddable":true,"href":"https:\/\/securetechforever.com\/index.php\/wp-json\/wp\/v2\/comments?post=5634"}],"wp:featuredmedia":[{"embeddable":true,"href":"https:\/\/securetechforever.com\/index.php\/wp-json\/wp\/v2\/media\/5635"}],"wp:attachment":[{"href":"https:\/\/securetechforever.com\/index.php\/wp-json\/wp\/v2\/media?parent=5634"}],"wp:term":[{"taxonomy":"product_brand","embeddable":true,"href":"https:\/\/securetechforever.com\/index.php\/wp-json\/wp\/v2\/product_brand?post=5634"},{"taxonomy":"product_cat","embeddable":true,"href":"https:\/\/securetechforever.com\/index.php\/wp-json\/wp\/v2\/product_cat?post=5634"},{"taxonomy":"product_tag","embeddable":true,"href":"https:\/\/securetechforever.com\/index.php\/wp-json\/wp\/v2\/product_tag?post=5634"}],"curies":[{"name":"wp","href":"https:\/\/api.w.org\/{rel}","templated":true}]}}