{"id":5630,"date":"2024-03-18T10:59:30","date_gmt":"2024-03-18T09:59:30","guid":{"rendered":"https:\/\/securetechforever.com\/?post_type=product&#038;p=5630"},"modified":"2024-03-18T10:59:30","modified_gmt":"2024-03-18T09:59:30","slug":"shelly-blu-button-1","status":"publish","type":"product","link":"https:\/\/securetechforever.com\/index.php\/produit\/shelly-blu-button-1\/","title":{"rendered":"Shelly Blu Button 1"},"content":{"rendered":"<ul>\n<li>T\u00e9l\u00e9commande Bluetooth d&#8217;activation d&#8217;actions et de sc\u00e8nes<\/li>\n<li>Contr\u00f4lez \u00e0 distance et activez\/d\u00e9sactivez diff\u00e9rentes sc\u00e8nes et d&#8217;autres dispositifs Shelly sans votre t\u00e9l\u00e9phone portable.<\/li>\n<li>Ex\u00e9cutez jusqu&#8217;\u00e0 4 actions ou sc\u00e8nes pr\u00e9d\u00e9finies par de simples combinaisons de pressions.<\/li>\n<li>Fonctions de scripts pour des actions selon la localisation<\/li>\n<li>Norme BTHome<\/li>\n<li>Possibilit\u00e9 d&#8217;allumer\/d&#8217;\u00e9teindre des appareils, de r\u00e9duire l&#8217;intensit\u00e9 lumineuse et d&#8217;activer des sc\u00e8nes<\/li>\n<li>Cryptage<\/li>\n<li>Signal sonore et lumineux ; mode &#8220;silencieux&#8221;<\/li>\n<li>Fonction &#8221;Localiser&#8221; activ\u00e9e par le mode balise<\/li>\n<li>Port\u00e9e de 10 m \u00e0 l&#8217;int\u00e9rieur et de 30 m \u00e0 l&#8217;ext\u00e9rieur<\/li>\n<li>Fonctionne avec les dispositifs Plus et Pro<\/li>\n<\/ul>\n","protected":false},"excerpt":{"rendered":"<p>T\u00e9l\u00e9commande Bluetooth d&#8217;activation d&#8217;actions et de sc\u00e8nes Contr\u00f4lez \u00e0 distance et activez\/d\u00e9sactivez diff\u00e9rentes sc\u00e8nes et d&#8217;autres dispositifs Shelly sans votre t\u00e9l\u00e9phone portable. Ex\u00e9cutez jusqu&#8217;\u00e0 4 actions ou sc\u00e8nes pr\u00e9d\u00e9finies par<\/p>\n","protected":false},"featured_media":5631,"comment_status":"open","ping_status":"closed","template":"","meta":{"_acf_changed":false},"product_brand":[],"product_cat":[252],"product_tag":[],"class_list":{"0":"post-5630","1":"product","2":"type-product","3":"status-publish","4":"has-post-thumbnail","6":"product_cat-domotique","8":"first","9":"instock","10":"sale","11":"taxable","12":"shipping-taxable","13":"purchasable","14":"product-type-simple"},"acf":[],"yoast_head":"<!-- This site is optimized with the Yoast SEO plugin v25.0 - https:\/\/yoast.com\/wordpress\/plugins\/seo\/ -->\n<title>Shelly Blu Button 1 - SECURETECH FOREVER<\/title>\n<meta name=\"robots\" content=\"index, follow, max-snippet:-1, max-image-preview:large, max-video-preview:-1\" \/>\n<link rel=\"canonical\" href=\"https:\/\/securetechforever.com\/index.php\/produit\/shelly-blu-button-1\/\" \/>\n<meta property=\"og:locale\" content=\"fr_FR\" \/>\n<meta property=\"og:type\" content=\"article\" \/>\n<meta property=\"og:title\" content=\"Shelly Blu Button 1 - SECURETECH FOREVER\" \/>\n<meta property=\"og:description\" content=\"T\u00e9l\u00e9commande Bluetooth d&#8217;activation d&#8217;actions et de sc\u00e8nes Contr\u00f4lez \u00e0 distance et activez\/d\u00e9sactivez diff\u00e9rentes sc\u00e8nes et d&#8217;autres dispositifs Shelly sans votre t\u00e9l\u00e9phone portable. Ex\u00e9cutez jusqu&#8217;\u00e0 4 actions ou sc\u00e8nes pr\u00e9d\u00e9finies par\" \/>\n<meta property=\"og:url\" content=\"https:\/\/securetechforever.com\/index.php\/produit\/shelly-blu-button-1\/\" \/>\n<meta property=\"og:site_name\" content=\"SECURETECH FOREVER\" \/>\n<meta property=\"article:publisher\" content=\"https:\/\/fr-fr.facebook.com\/abdelouahed.hamadi\/\" \/>\n<meta property=\"og:image\" content=\"https:\/\/securetechforever.com\/wp-content\/uploads\/2024\/03\/Blu-Button1_White-with-strap.png\" \/>\n\t<meta property=\"og:image:width\" content=\"938\" \/>\n\t<meta property=\"og:image:height\" content=\"938\" \/>\n\t<meta property=\"og:image:type\" content=\"image\/png\" \/>\n<meta name=\"twitter:card\" content=\"summary_large_image\" \/>\n<meta name=\"twitter:site\" content=\"@victorycsf\" \/>\n<meta name=\"twitter:label1\" content=\"Dur\u00e9e de lecture estim\u00e9e\" \/>\n\t<meta name=\"twitter:data1\" content=\"1 minute\" \/>\n<script type=\"application\/ld+json\" class=\"yoast-schema-graph\">{\"@context\":\"https:\/\/schema.org\",\"@graph\":[{\"@type\":\"WebPage\",\"@id\":\"https:\/\/securetechforever.com\/index.php\/produit\/shelly-blu-button-1\/\",\"url\":\"https:\/\/securetechforever.com\/index.php\/produit\/shelly-blu-button-1\/\",\"name\":\"Shelly Blu Button 1 - SECURETECH FOREVER\",\"isPartOf\":{\"@id\":\"https:\/\/securetechforever.com\/#website\"},\"primaryImageOfPage\":{\"@id\":\"https:\/\/securetechforever.com\/index.php\/produit\/shelly-blu-button-1\/#primaryimage\"},\"image\":{\"@id\":\"https:\/\/securetechforever.com\/index.php\/produit\/shelly-blu-button-1\/#primaryimage\"},\"thumbnailUrl\":\"https:\/\/securetechforever.com\/wp-content\/uploads\/2024\/03\/Blu-Button1_White-with-strap.png\",\"datePublished\":\"2024-03-18T09:59:30+00:00\",\"breadcrumb\":{\"@id\":\"https:\/\/securetechforever.com\/index.php\/produit\/shelly-blu-button-1\/#breadcrumb\"},\"inLanguage\":\"fr-FR\",\"potentialAction\":[{\"@type\":\"ReadAction\",\"target\":[\"https:\/\/securetechforever.com\/index.php\/produit\/shelly-blu-button-1\/\"]}]},{\"@type\":\"ImageObject\",\"inLanguage\":\"fr-FR\",\"@id\":\"https:\/\/securetechforever.com\/index.php\/produit\/shelly-blu-button-1\/#primaryimage\",\"url\":\"https:\/\/securetechforever.com\/wp-content\/uploads\/2024\/03\/Blu-Button1_White-with-strap.png\",\"contentUrl\":\"https:\/\/securetechforever.com\/wp-content\/uploads\/2024\/03\/Blu-Button1_White-with-strap.png\",\"width\":938,\"height\":938},{\"@type\":\"BreadcrumbList\",\"@id\":\"https:\/\/securetechforever.com\/index.php\/produit\/shelly-blu-button-1\/#breadcrumb\",\"itemListElement\":[{\"@type\":\"ListItem\",\"position\":1,\"name\":\"Accueil\",\"item\":\"https:\/\/securetechforever.com\/\"},{\"@type\":\"ListItem\",\"position\":2,\"name\":\"Shop\",\"item\":\"https:\/\/securetechforever.com\/index.php\/shop\/\"},{\"@type\":\"ListItem\",\"position\":3,\"name\":\"Shelly Blu Button 1\"}]},{\"@type\":\"WebSite\",\"@id\":\"https:\/\/securetechforever.com\/#website\",\"url\":\"https:\/\/securetechforever.com\/\",\"name\":\"SECURETECH FOREVER\",\"description\":\"securtech\",\"publisher\":{\"@id\":\"https:\/\/securetechforever.com\/#organization\"},\"potentialAction\":[{\"@type\":\"SearchAction\",\"target\":{\"@type\":\"EntryPoint\",\"urlTemplate\":\"https:\/\/securetechforever.com\/?s={search_term_string}\"},\"query-input\":{\"@type\":\"PropertyValueSpecification\",\"valueRequired\":true,\"valueName\":\"search_term_string\"}}],\"inLanguage\":\"fr-FR\"},{\"@type\":\"Organization\",\"@id\":\"https:\/\/securetechforever.com\/#organization\",\"name\":\"SECURETECH FOREVER\",\"url\":\"https:\/\/securetechforever.com\/\",\"logo\":{\"@type\":\"ImageObject\",\"inLanguage\":\"fr-FR\",\"@id\":\"https:\/\/securetechforever.com\/#\/schema\/logo\/image\/\",\"url\":\"https:\/\/securetechforever.com\/wp-content\/uploads\/2024\/03\/cropped-Securetech-forever-png.png\",\"contentUrl\":\"https:\/\/securetechforever.com\/wp-content\/uploads\/2024\/03\/cropped-Securetech-forever-png.png\",\"width\":2490,\"height\":212,\"caption\":\"SECURETECH FOREVER\"},\"image\":{\"@id\":\"https:\/\/securetechforever.com\/#\/schema\/logo\/image\/\"},\"sameAs\":[\"https:\/\/fr-fr.facebook.com\/abdelouahed.hamadi\/\",\"https:\/\/x.com\/victorycsf\"]}]}<\/script>\n<!-- \/ Yoast SEO plugin. -->","yoast_head_json":{"title":"Shelly Blu Button 1 - SECURETECH FOREVER","robots":{"index":"index","follow":"follow","max-snippet":"max-snippet:-1","max-image-preview":"max-image-preview:large","max-video-preview":"max-video-preview:-1"},"canonical":"https:\/\/securetechforever.com\/index.php\/produit\/shelly-blu-button-1\/","og_locale":"fr_FR","og_type":"article","og_title":"Shelly Blu Button 1 - SECURETECH FOREVER","og_description":"T\u00e9l\u00e9commande Bluetooth d&#8217;activation d&#8217;actions et de sc\u00e8nes Contr\u00f4lez \u00e0 distance et activez\/d\u00e9sactivez diff\u00e9rentes sc\u00e8nes et d&#8217;autres dispositifs Shelly sans votre t\u00e9l\u00e9phone portable. Ex\u00e9cutez jusqu&#8217;\u00e0 4 actions ou sc\u00e8nes pr\u00e9d\u00e9finies par","og_url":"https:\/\/securetechforever.com\/index.php\/produit\/shelly-blu-button-1\/","og_site_name":"SECURETECH FOREVER","article_publisher":"https:\/\/fr-fr.facebook.com\/abdelouahed.hamadi\/","og_image":[{"width":938,"height":938,"url":"https:\/\/securetechforever.com\/wp-content\/uploads\/2024\/03\/Blu-Button1_White-with-strap.png","type":"image\/png"}],"twitter_card":"summary_large_image","twitter_site":"@victorycsf","twitter_misc":{"Dur\u00e9e de lecture estim\u00e9e":"1 minute"},"schema":{"@context":"https:\/\/schema.org","@graph":[{"@type":"WebPage","@id":"https:\/\/securetechforever.com\/index.php\/produit\/shelly-blu-button-1\/","url":"https:\/\/securetechforever.com\/index.php\/produit\/shelly-blu-button-1\/","name":"Shelly Blu Button 1 - SECURETECH FOREVER","isPartOf":{"@id":"https:\/\/securetechforever.com\/#website"},"primaryImageOfPage":{"@id":"https:\/\/securetechforever.com\/index.php\/produit\/shelly-blu-button-1\/#primaryimage"},"image":{"@id":"https:\/\/securetechforever.com\/index.php\/produit\/shelly-blu-button-1\/#primaryimage"},"thumbnailUrl":"https:\/\/securetechforever.com\/wp-content\/uploads\/2024\/03\/Blu-Button1_White-with-strap.png","datePublished":"2024-03-18T09:59:30+00:00","breadcrumb":{"@id":"https:\/\/securetechforever.com\/index.php\/produit\/shelly-blu-button-1\/#breadcrumb"},"inLanguage":"fr-FR","potentialAction":[{"@type":"ReadAction","target":["https:\/\/securetechforever.com\/index.php\/produit\/shelly-blu-button-1\/"]}]},{"@type":"ImageObject","inLanguage":"fr-FR","@id":"https:\/\/securetechforever.com\/index.php\/produit\/shelly-blu-button-1\/#primaryimage","url":"https:\/\/securetechforever.com\/wp-content\/uploads\/2024\/03\/Blu-Button1_White-with-strap.png","contentUrl":"https:\/\/securetechforever.com\/wp-content\/uploads\/2024\/03\/Blu-Button1_White-with-strap.png","width":938,"height":938},{"@type":"BreadcrumbList","@id":"https:\/\/securetechforever.com\/index.php\/produit\/shelly-blu-button-1\/#breadcrumb","itemListElement":[{"@type":"ListItem","position":1,"name":"Accueil","item":"https:\/\/securetechforever.com\/"},{"@type":"ListItem","position":2,"name":"Shop","item":"https:\/\/securetechforever.com\/index.php\/shop\/"},{"@type":"ListItem","position":3,"name":"Shelly Blu Button 1"}]},{"@type":"WebSite","@id":"https:\/\/securetechforever.com\/#website","url":"https:\/\/securetechforever.com\/","name":"SECURETECH FOREVER","description":"securtech","publisher":{"@id":"https:\/\/securetechforever.com\/#organization"},"potentialAction":[{"@type":"SearchAction","target":{"@type":"EntryPoint","urlTemplate":"https:\/\/securetechforever.com\/?s={search_term_string}"},"query-input":{"@type":"PropertyValueSpecification","valueRequired":true,"valueName":"search_term_string"}}],"inLanguage":"fr-FR"},{"@type":"Organization","@id":"https:\/\/securetechforever.com\/#organization","name":"SECURETECH FOREVER","url":"https:\/\/securetechforever.com\/","logo":{"@type":"ImageObject","inLanguage":"fr-FR","@id":"https:\/\/securetechforever.com\/#\/schema\/logo\/image\/","url":"https:\/\/securetechforever.com\/wp-content\/uploads\/2024\/03\/cropped-Securetech-forever-png.png","contentUrl":"https:\/\/securetechforever.com\/wp-content\/uploads\/2024\/03\/cropped-Securetech-forever-png.png","width":2490,"height":212,"caption":"SECURETECH FOREVER"},"image":{"@id":"https:\/\/securetechforever.com\/#\/schema\/logo\/image\/"},"sameAs":["https:\/\/fr-fr.facebook.com\/abdelouahed.hamadi\/","https:\/\/x.com\/victorycsf"]}]}},"jetpack_sharing_enabled":true,"_links":{"self":[{"href":"https:\/\/securetechforever.com\/index.php\/wp-json\/wp\/v2\/product\/5630","targetHints":{"allow":["GET"]}}],"collection":[{"href":"https:\/\/securetechforever.com\/index.php\/wp-json\/wp\/v2\/product"}],"about":[{"href":"https:\/\/securetechforever.com\/index.php\/wp-json\/wp\/v2\/types\/product"}],"replies":[{"embeddable":true,"href":"https:\/\/securetechforever.com\/index.php\/wp-json\/wp\/v2\/comments?post=5630"}],"wp:featuredmedia":[{"embeddable":true,"href":"https:\/\/securetechforever.com\/index.php\/wp-json\/wp\/v2\/media\/5631"}],"wp:attachment":[{"href":"https:\/\/securetechforever.com\/index.php\/wp-json\/wp\/v2\/media?parent=5630"}],"wp:term":[{"taxonomy":"product_brand","embeddable":true,"href":"https:\/\/securetechforever.com\/index.php\/wp-json\/wp\/v2\/product_brand?post=5630"},{"taxonomy":"product_cat","embeddable":true,"href":"https:\/\/securetechforever.com\/index.php\/wp-json\/wp\/v2\/product_cat?post=5630"},{"taxonomy":"product_tag","embeddable":true,"href":"https:\/\/securetechforever.com\/index.php\/wp-json\/wp\/v2\/product_tag?post=5630"}],"curies":[{"name":"wp","href":"https:\/\/api.w.org\/{rel}","templated":true}]}}