{"id":5504,"date":"2024-03-09T10:52:13","date_gmt":"2024-03-09T09:52:13","guid":{"rendered":"https:\/\/securetechforever.com\/?post_type=product&#038;p=5504"},"modified":"2024-03-09T10:52:49","modified_gmt":"2024-03-09T09:52:49","slug":"ds-3e0109p-e-m","status":"publish","type":"product","link":"https:\/\/securetechforever.com\/index.php\/produit\/ds-3e0109p-e-m\/","title":{"rendered":"DS-3E0109P-E\/M"},"content":{"rendered":"<p>Am\u00e9liorez votre r\u00e9seau avec le Switch Non Administrable HIKVISION 8 Ports Fast Ethernet 10\/100 POE. G\u00e9rez intelligemment l&#8217;alimentation gr\u00e2ce \u00e0 la gestion PoE, prolongeant la dur\u00e9e de vie du switch. Transmettez le signal jusqu&#8217;\u00e0 300 m\u00e8tres gr\u00e2ce \u00e0 la port\u00e9e longue distance. R\u00e9duisez les pertes d&#8217;\u00e9nergie gr\u00e2ce \u00e0 l&#8217;alimentation 4\/8-Core adaptative. Prot\u00e9gez le switch des surtensions gr\u00e2ce \u00e0 la protection 6KV. Id\u00e9al pour la transmission vid\u00e9o, avec un port VIP pour les donn\u00e9es prioritaires en cas de congestion. Renforcez la fiabilit\u00e9 de votre r\u00e9seau gr\u00e2ce \u00e0 ce switch performant.<\/p>\n","protected":false},"excerpt":{"rendered":"<p>Am\u00e9liorez votre r\u00e9seau avec le Switch Non Administrable HIKVISION 8 Ports Fast Ethernet 10\/100 POE. G\u00e9rez intelligemment l&#8217;alimentation gr\u00e2ce \u00e0 la gestion PoE, prolongeant la dur\u00e9e de vie du switch.<\/p>\n","protected":false},"featured_media":5505,"comment_status":"open","ping_status":"closed","template":"","meta":{"_acf_changed":false},"product_brand":[],"product_cat":[249],"product_tag":[],"class_list":{"0":"post-5504","1":"product","2":"type-product","3":"status-publish","4":"has-post-thumbnail","6":"product_cat-switch","8":"first","9":"instock","10":"sale","11":"taxable","12":"shipping-taxable","13":"purchasable","14":"product-type-simple"},"acf":[],"yoast_head":"<!-- This site is optimized with the Yoast SEO plugin v25.0 - https:\/\/yoast.com\/wordpress\/plugins\/seo\/ -->\n<title>DS-3E0109P-E\/M - SECURETECH FOREVER<\/title>\n<meta name=\"robots\" content=\"index, follow, max-snippet:-1, max-image-preview:large, max-video-preview:-1\" \/>\n<link rel=\"canonical\" href=\"https:\/\/securetechforever.com\/index.php\/produit\/ds-3e0109p-e-m\/\" \/>\n<meta property=\"og:locale\" content=\"fr_FR\" \/>\n<meta property=\"og:type\" content=\"article\" \/>\n<meta property=\"og:title\" content=\"DS-3E0109P-E\/M - SECURETECH FOREVER\" \/>\n<meta property=\"og:description\" content=\"Am\u00e9liorez votre r\u00e9seau avec le Switch Non Administrable HIKVISION 8 Ports Fast Ethernet 10\/100 POE. G\u00e9rez intelligemment l&#8217;alimentation gr\u00e2ce \u00e0 la gestion PoE, prolongeant la dur\u00e9e de vie du switch.\" \/>\n<meta property=\"og:url\" content=\"https:\/\/securetechforever.com\/index.php\/produit\/ds-3e0109p-e-m\/\" \/>\n<meta property=\"og:site_name\" content=\"SECURETECH FOREVER\" \/>\n<meta property=\"article:publisher\" content=\"https:\/\/fr-fr.facebook.com\/abdelouahed.hamadi\/\" \/>\n<meta property=\"article:modified_time\" content=\"2024-03-09T09:52:49+00:00\" \/>\n<meta property=\"og:image\" content=\"https:\/\/securetechforever.com\/wp-content\/uploads\/2024\/03\/DS-3E0109P-E-M.png\" \/>\n\t<meta property=\"og:image:width\" content=\"800\" \/>\n\t<meta property=\"og:image:height\" content=\"450\" \/>\n\t<meta property=\"og:image:type\" content=\"image\/png\" \/>\n<meta name=\"twitter:card\" content=\"summary_large_image\" \/>\n<meta name=\"twitter:site\" content=\"@victorycsf\" \/>\n<script type=\"application\/ld+json\" class=\"yoast-schema-graph\">{\"@context\":\"https:\/\/schema.org\",\"@graph\":[{\"@type\":\"WebPage\",\"@id\":\"https:\/\/securetechforever.com\/index.php\/produit\/ds-3e0109p-e-m\/\",\"url\":\"https:\/\/securetechforever.com\/index.php\/produit\/ds-3e0109p-e-m\/\",\"name\":\"DS-3E0109P-E\/M - SECURETECH FOREVER\",\"isPartOf\":{\"@id\":\"https:\/\/securetechforever.com\/#website\"},\"primaryImageOfPage\":{\"@id\":\"https:\/\/securetechforever.com\/index.php\/produit\/ds-3e0109p-e-m\/#primaryimage\"},\"image\":{\"@id\":\"https:\/\/securetechforever.com\/index.php\/produit\/ds-3e0109p-e-m\/#primaryimage\"},\"thumbnailUrl\":\"https:\/\/securetechforever.com\/wp-content\/uploads\/2024\/03\/DS-3E0109P-E-M.png\",\"datePublished\":\"2024-03-09T09:52:13+00:00\",\"dateModified\":\"2024-03-09T09:52:49+00:00\",\"breadcrumb\":{\"@id\":\"https:\/\/securetechforever.com\/index.php\/produit\/ds-3e0109p-e-m\/#breadcrumb\"},\"inLanguage\":\"fr-FR\",\"potentialAction\":[{\"@type\":\"ReadAction\",\"target\":[\"https:\/\/securetechforever.com\/index.php\/produit\/ds-3e0109p-e-m\/\"]}]},{\"@type\":\"ImageObject\",\"inLanguage\":\"fr-FR\",\"@id\":\"https:\/\/securetechforever.com\/index.php\/produit\/ds-3e0109p-e-m\/#primaryimage\",\"url\":\"https:\/\/securetechforever.com\/wp-content\/uploads\/2024\/03\/DS-3E0109P-E-M.png\",\"contentUrl\":\"https:\/\/securetechforever.com\/wp-content\/uploads\/2024\/03\/DS-3E0109P-E-M.png\",\"width\":800,\"height\":450},{\"@type\":\"BreadcrumbList\",\"@id\":\"https:\/\/securetechforever.com\/index.php\/produit\/ds-3e0109p-e-m\/#breadcrumb\",\"itemListElement\":[{\"@type\":\"ListItem\",\"position\":1,\"name\":\"Accueil\",\"item\":\"https:\/\/securetechforever.com\/\"},{\"@type\":\"ListItem\",\"position\":2,\"name\":\"Shop\",\"item\":\"https:\/\/securetechforever.com\/index.php\/shop\/\"},{\"@type\":\"ListItem\",\"position\":3,\"name\":\"DS-3E0109P-E\/M\"}]},{\"@type\":\"WebSite\",\"@id\":\"https:\/\/securetechforever.com\/#website\",\"url\":\"https:\/\/securetechforever.com\/\",\"name\":\"SECURETECH FOREVER\",\"description\":\"securtech\",\"publisher\":{\"@id\":\"https:\/\/securetechforever.com\/#organization\"},\"potentialAction\":[{\"@type\":\"SearchAction\",\"target\":{\"@type\":\"EntryPoint\",\"urlTemplate\":\"https:\/\/securetechforever.com\/?s={search_term_string}\"},\"query-input\":{\"@type\":\"PropertyValueSpecification\",\"valueRequired\":true,\"valueName\":\"search_term_string\"}}],\"inLanguage\":\"fr-FR\"},{\"@type\":\"Organization\",\"@id\":\"https:\/\/securetechforever.com\/#organization\",\"name\":\"SECURETECH FOREVER\",\"url\":\"https:\/\/securetechforever.com\/\",\"logo\":{\"@type\":\"ImageObject\",\"inLanguage\":\"fr-FR\",\"@id\":\"https:\/\/securetechforever.com\/#\/schema\/logo\/image\/\",\"url\":\"https:\/\/securetechforever.com\/wp-content\/uploads\/2024\/03\/cropped-Securetech-forever-png.png\",\"contentUrl\":\"https:\/\/securetechforever.com\/wp-content\/uploads\/2024\/03\/cropped-Securetech-forever-png.png\",\"width\":2490,\"height\":212,\"caption\":\"SECURETECH FOREVER\"},\"image\":{\"@id\":\"https:\/\/securetechforever.com\/#\/schema\/logo\/image\/\"},\"sameAs\":[\"https:\/\/fr-fr.facebook.com\/abdelouahed.hamadi\/\",\"https:\/\/x.com\/victorycsf\"]}]}<\/script>\n<!-- \/ Yoast SEO plugin. -->","yoast_head_json":{"title":"DS-3E0109P-E\/M - SECURETECH FOREVER","robots":{"index":"index","follow":"follow","max-snippet":"max-snippet:-1","max-image-preview":"max-image-preview:large","max-video-preview":"max-video-preview:-1"},"canonical":"https:\/\/securetechforever.com\/index.php\/produit\/ds-3e0109p-e-m\/","og_locale":"fr_FR","og_type":"article","og_title":"DS-3E0109P-E\/M - SECURETECH FOREVER","og_description":"Am\u00e9liorez votre r\u00e9seau avec le Switch Non Administrable HIKVISION 8 Ports Fast Ethernet 10\/100 POE. G\u00e9rez intelligemment l&#8217;alimentation gr\u00e2ce \u00e0 la gestion PoE, prolongeant la dur\u00e9e de vie du switch.","og_url":"https:\/\/securetechforever.com\/index.php\/produit\/ds-3e0109p-e-m\/","og_site_name":"SECURETECH FOREVER","article_publisher":"https:\/\/fr-fr.facebook.com\/abdelouahed.hamadi\/","article_modified_time":"2024-03-09T09:52:49+00:00","og_image":[{"width":800,"height":450,"url":"https:\/\/securetechforever.com\/wp-content\/uploads\/2024\/03\/DS-3E0109P-E-M.png","type":"image\/png"}],"twitter_card":"summary_large_image","twitter_site":"@victorycsf","schema":{"@context":"https:\/\/schema.org","@graph":[{"@type":"WebPage","@id":"https:\/\/securetechforever.com\/index.php\/produit\/ds-3e0109p-e-m\/","url":"https:\/\/securetechforever.com\/index.php\/produit\/ds-3e0109p-e-m\/","name":"DS-3E0109P-E\/M - SECURETECH FOREVER","isPartOf":{"@id":"https:\/\/securetechforever.com\/#website"},"primaryImageOfPage":{"@id":"https:\/\/securetechforever.com\/index.php\/produit\/ds-3e0109p-e-m\/#primaryimage"},"image":{"@id":"https:\/\/securetechforever.com\/index.php\/produit\/ds-3e0109p-e-m\/#primaryimage"},"thumbnailUrl":"https:\/\/securetechforever.com\/wp-content\/uploads\/2024\/03\/DS-3E0109P-E-M.png","datePublished":"2024-03-09T09:52:13+00:00","dateModified":"2024-03-09T09:52:49+00:00","breadcrumb":{"@id":"https:\/\/securetechforever.com\/index.php\/produit\/ds-3e0109p-e-m\/#breadcrumb"},"inLanguage":"fr-FR","potentialAction":[{"@type":"ReadAction","target":["https:\/\/securetechforever.com\/index.php\/produit\/ds-3e0109p-e-m\/"]}]},{"@type":"ImageObject","inLanguage":"fr-FR","@id":"https:\/\/securetechforever.com\/index.php\/produit\/ds-3e0109p-e-m\/#primaryimage","url":"https:\/\/securetechforever.com\/wp-content\/uploads\/2024\/03\/DS-3E0109P-E-M.png","contentUrl":"https:\/\/securetechforever.com\/wp-content\/uploads\/2024\/03\/DS-3E0109P-E-M.png","width":800,"height":450},{"@type":"BreadcrumbList","@id":"https:\/\/securetechforever.com\/index.php\/produit\/ds-3e0109p-e-m\/#breadcrumb","itemListElement":[{"@type":"ListItem","position":1,"name":"Accueil","item":"https:\/\/securetechforever.com\/"},{"@type":"ListItem","position":2,"name":"Shop","item":"https:\/\/securetechforever.com\/index.php\/shop\/"},{"@type":"ListItem","position":3,"name":"DS-3E0109P-E\/M"}]},{"@type":"WebSite","@id":"https:\/\/securetechforever.com\/#website","url":"https:\/\/securetechforever.com\/","name":"SECURETECH FOREVER","description":"securtech","publisher":{"@id":"https:\/\/securetechforever.com\/#organization"},"potentialAction":[{"@type":"SearchAction","target":{"@type":"EntryPoint","urlTemplate":"https:\/\/securetechforever.com\/?s={search_term_string}"},"query-input":{"@type":"PropertyValueSpecification","valueRequired":true,"valueName":"search_term_string"}}],"inLanguage":"fr-FR"},{"@type":"Organization","@id":"https:\/\/securetechforever.com\/#organization","name":"SECURETECH FOREVER","url":"https:\/\/securetechforever.com\/","logo":{"@type":"ImageObject","inLanguage":"fr-FR","@id":"https:\/\/securetechforever.com\/#\/schema\/logo\/image\/","url":"https:\/\/securetechforever.com\/wp-content\/uploads\/2024\/03\/cropped-Securetech-forever-png.png","contentUrl":"https:\/\/securetechforever.com\/wp-content\/uploads\/2024\/03\/cropped-Securetech-forever-png.png","width":2490,"height":212,"caption":"SECURETECH FOREVER"},"image":{"@id":"https:\/\/securetechforever.com\/#\/schema\/logo\/image\/"},"sameAs":["https:\/\/fr-fr.facebook.com\/abdelouahed.hamadi\/","https:\/\/x.com\/victorycsf"]}]}},"jetpack_sharing_enabled":true,"_links":{"self":[{"href":"https:\/\/securetechforever.com\/index.php\/wp-json\/wp\/v2\/product\/5504","targetHints":{"allow":["GET"]}}],"collection":[{"href":"https:\/\/securetechforever.com\/index.php\/wp-json\/wp\/v2\/product"}],"about":[{"href":"https:\/\/securetechforever.com\/index.php\/wp-json\/wp\/v2\/types\/product"}],"replies":[{"embeddable":true,"href":"https:\/\/securetechforever.com\/index.php\/wp-json\/wp\/v2\/comments?post=5504"}],"wp:featuredmedia":[{"embeddable":true,"href":"https:\/\/securetechforever.com\/index.php\/wp-json\/wp\/v2\/media\/5505"}],"wp:attachment":[{"href":"https:\/\/securetechforever.com\/index.php\/wp-json\/wp\/v2\/media?parent=5504"}],"wp:term":[{"taxonomy":"product_brand","embeddable":true,"href":"https:\/\/securetechforever.com\/index.php\/wp-json\/wp\/v2\/product_brand?post=5504"},{"taxonomy":"product_cat","embeddable":true,"href":"https:\/\/securetechforever.com\/index.php\/wp-json\/wp\/v2\/product_cat?post=5504"},{"taxonomy":"product_tag","embeddable":true,"href":"https:\/\/securetechforever.com\/index.php\/wp-json\/wp\/v2\/product_tag?post=5504"}],"curies":[{"name":"wp","href":"https:\/\/api.w.org\/{rel}","templated":true}]}}