{"id":5490,"date":"2024-03-09T10:38:04","date_gmt":"2024-03-09T09:38:04","guid":{"rendered":"https:\/\/securetechforever.com\/?post_type=product&#038;p=5490"},"modified":"2024-03-18T11:16:35","modified_gmt":"2024-03-18T10:16:35","slug":"ds-7616nxi-k2-16p","status":"publish","type":"product","link":"https:\/\/securetechforever.com\/index.php\/produit\/ds-7616nxi-k2-16p\/","title":{"rendered":"DS-7616NXI-K2\/16P"},"content":{"rendered":"<ul>\n<li>16 ports RJ45 PoE<\/li>\n<li>R\u00e9solution d\u2019enregistrement jusqu&#8217;\u00e0 12 M\u00e9gapixels (4K)<\/li>\n<li>4 canaux AcuSense ou 1 canal de reconnaissance faciale pour des cam\u00e9ras non AcuSense (jusqu&#8217;\u00e0 2MP par cam\u00e9ra)<\/li>\n<li>1 interface HDMI et 1 interface VGA<\/li>\n<li>Recherche intelligente dans zone s\u00e9lectionn\u00e9e dans la vid\u00e9o et lecture intelligente pour am\u00e9liorer l&#8217;efficacit\u00e9 des recherches<\/li>\n<li>Prise en charge du codec H265+<\/li>\n<li>Param\u00e9trage via interface Web ou directement sur le NVR avec un \u00e9cran associ\u00e9<\/li>\n<li>Capacit\u00e9 2 disques durs de 10 To : capacit\u00e9 totale maximale 20 To<\/li>\n<li>Visualisation des enregistrements \u00e0 distance via PC, tablette ou Smartphone. (Application Android, iPad et iPhone gratuite)<\/li>\n<li>Prise en charge de l&#8217;acc\u00e8s Web sans plug-in<\/li>\n<li>160 Mbps de bande passante entrante et 160 Mbps de bande passante sortante<\/li>\n<li>Sauvegarde externe des enregistrements vid\u00e9o sur support USB<\/li>\n<li>Gestion \u00e0 distance simplifi\u00e9e<\/li>\n<\/ul>\n","protected":false},"excerpt":{"rendered":"<p>16 ports RJ45 PoE R\u00e9solution d\u2019enregistrement jusqu&#8217;\u00e0 12 M\u00e9gapixels (4K) 4 canaux AcuSense ou 1 canal de reconnaissance faciale pour des cam\u00e9ras non AcuSense (jusqu&#8217;\u00e0 2MP par cam\u00e9ra) 1 interface<\/p>\n","protected":false},"featured_media":5491,"comment_status":"open","ping_status":"closed","template":"","meta":{"_acf_changed":false},"product_brand":[],"product_cat":[24,244],"product_tag":[],"class_list":{"0":"post-5490","1":"product","2":"type-product","3":"status-publish","4":"has-post-thumbnail","6":"product_cat-network","7":"product_cat-nvr","9":"first","10":"instock","11":"sale","12":"taxable","13":"shipping-taxable","14":"purchasable","15":"product-type-simple"},"acf":[],"yoast_head":"<!-- This site is optimized with the Yoast SEO plugin v25.0 - https:\/\/yoast.com\/wordpress\/plugins\/seo\/ -->\n<title>DS-7616NXI-K2\/16P - SECURETECH FOREVER<\/title>\n<meta name=\"robots\" content=\"index, follow, max-snippet:-1, max-image-preview:large, max-video-preview:-1\" \/>\n<link rel=\"canonical\" href=\"https:\/\/securetechforever.com\/index.php\/produit\/ds-7616nxi-k2-16p\/\" \/>\n<meta property=\"og:locale\" content=\"fr_FR\" \/>\n<meta property=\"og:type\" content=\"article\" \/>\n<meta property=\"og:title\" content=\"DS-7616NXI-K2\/16P - SECURETECH FOREVER\" \/>\n<meta property=\"og:description\" content=\"16 ports RJ45 PoE R\u00e9solution d\u2019enregistrement jusqu&#8217;\u00e0 12 M\u00e9gapixels (4K) 4 canaux AcuSense ou 1 canal de reconnaissance faciale pour des cam\u00e9ras non AcuSense (jusqu&#8217;\u00e0 2MP par cam\u00e9ra) 1 interface\" \/>\n<meta property=\"og:url\" content=\"https:\/\/securetechforever.com\/index.php\/produit\/ds-7616nxi-k2-16p\/\" \/>\n<meta property=\"og:site_name\" content=\"SECURETECH FOREVER\" \/>\n<meta property=\"article:publisher\" content=\"https:\/\/fr-fr.facebook.com\/abdelouahed.hamadi\/\" \/>\n<meta property=\"article:modified_time\" content=\"2024-03-18T10:16:35+00:00\" \/>\n<meta property=\"og:image\" content=\"https:\/\/securetechforever.com\/wp-content\/uploads\/2024\/03\/DS-7616NXI-K2-16P.png\" \/>\n\t<meta property=\"og:image:width\" content=\"800\" \/>\n\t<meta property=\"og:image:height\" content=\"800\" \/>\n\t<meta property=\"og:image:type\" content=\"image\/png\" \/>\n<meta name=\"twitter:card\" content=\"summary_large_image\" \/>\n<meta name=\"twitter:site\" content=\"@victorycsf\" \/>\n<meta name=\"twitter:label1\" content=\"Dur\u00e9e de lecture estim\u00e9e\" \/>\n\t<meta name=\"twitter:data1\" content=\"1 minute\" \/>\n<script type=\"application\/ld+json\" class=\"yoast-schema-graph\">{\"@context\":\"https:\/\/schema.org\",\"@graph\":[{\"@type\":\"WebPage\",\"@id\":\"https:\/\/securetechforever.com\/index.php\/produit\/ds-7616nxi-k2-16p\/\",\"url\":\"https:\/\/securetechforever.com\/index.php\/produit\/ds-7616nxi-k2-16p\/\",\"name\":\"DS-7616NXI-K2\/16P - SECURETECH FOREVER\",\"isPartOf\":{\"@id\":\"https:\/\/securetechforever.com\/#website\"},\"primaryImageOfPage\":{\"@id\":\"https:\/\/securetechforever.com\/index.php\/produit\/ds-7616nxi-k2-16p\/#primaryimage\"},\"image\":{\"@id\":\"https:\/\/securetechforever.com\/index.php\/produit\/ds-7616nxi-k2-16p\/#primaryimage\"},\"thumbnailUrl\":\"https:\/\/securetechforever.com\/wp-content\/uploads\/2024\/03\/DS-7616NXI-K2-16P.png\",\"datePublished\":\"2024-03-09T09:38:04+00:00\",\"dateModified\":\"2024-03-18T10:16:35+00:00\",\"breadcrumb\":{\"@id\":\"https:\/\/securetechforever.com\/index.php\/produit\/ds-7616nxi-k2-16p\/#breadcrumb\"},\"inLanguage\":\"fr-FR\",\"potentialAction\":[{\"@type\":\"ReadAction\",\"target\":[\"https:\/\/securetechforever.com\/index.php\/produit\/ds-7616nxi-k2-16p\/\"]}]},{\"@type\":\"ImageObject\",\"inLanguage\":\"fr-FR\",\"@id\":\"https:\/\/securetechforever.com\/index.php\/produit\/ds-7616nxi-k2-16p\/#primaryimage\",\"url\":\"https:\/\/securetechforever.com\/wp-content\/uploads\/2024\/03\/DS-7616NXI-K2-16P.png\",\"contentUrl\":\"https:\/\/securetechforever.com\/wp-content\/uploads\/2024\/03\/DS-7616NXI-K2-16P.png\",\"width\":800,\"height\":800},{\"@type\":\"BreadcrumbList\",\"@id\":\"https:\/\/securetechforever.com\/index.php\/produit\/ds-7616nxi-k2-16p\/#breadcrumb\",\"itemListElement\":[{\"@type\":\"ListItem\",\"position\":1,\"name\":\"Accueil\",\"item\":\"https:\/\/securetechforever.com\/\"},{\"@type\":\"ListItem\",\"position\":2,\"name\":\"Shop\",\"item\":\"https:\/\/securetechforever.com\/index.php\/shop\/\"},{\"@type\":\"ListItem\",\"position\":3,\"name\":\"DS-7616NXI-K2\/16P\"}]},{\"@type\":\"WebSite\",\"@id\":\"https:\/\/securetechforever.com\/#website\",\"url\":\"https:\/\/securetechforever.com\/\",\"name\":\"SECURETECH FOREVER\",\"description\":\"securtech\",\"publisher\":{\"@id\":\"https:\/\/securetechforever.com\/#organization\"},\"potentialAction\":[{\"@type\":\"SearchAction\",\"target\":{\"@type\":\"EntryPoint\",\"urlTemplate\":\"https:\/\/securetechforever.com\/?s={search_term_string}\"},\"query-input\":{\"@type\":\"PropertyValueSpecification\",\"valueRequired\":true,\"valueName\":\"search_term_string\"}}],\"inLanguage\":\"fr-FR\"},{\"@type\":\"Organization\",\"@id\":\"https:\/\/securetechforever.com\/#organization\",\"name\":\"SECURETECH FOREVER\",\"url\":\"https:\/\/securetechforever.com\/\",\"logo\":{\"@type\":\"ImageObject\",\"inLanguage\":\"fr-FR\",\"@id\":\"https:\/\/securetechforever.com\/#\/schema\/logo\/image\/\",\"url\":\"https:\/\/securetechforever.com\/wp-content\/uploads\/2024\/03\/cropped-Securetech-forever-png.png\",\"contentUrl\":\"https:\/\/securetechforever.com\/wp-content\/uploads\/2024\/03\/cropped-Securetech-forever-png.png\",\"width\":2490,\"height\":212,\"caption\":\"SECURETECH FOREVER\"},\"image\":{\"@id\":\"https:\/\/securetechforever.com\/#\/schema\/logo\/image\/\"},\"sameAs\":[\"https:\/\/fr-fr.facebook.com\/abdelouahed.hamadi\/\",\"https:\/\/x.com\/victorycsf\"]}]}<\/script>\n<!-- \/ Yoast SEO plugin. -->","yoast_head_json":{"title":"DS-7616NXI-K2\/16P - SECURETECH FOREVER","robots":{"index":"index","follow":"follow","max-snippet":"max-snippet:-1","max-image-preview":"max-image-preview:large","max-video-preview":"max-video-preview:-1"},"canonical":"https:\/\/securetechforever.com\/index.php\/produit\/ds-7616nxi-k2-16p\/","og_locale":"fr_FR","og_type":"article","og_title":"DS-7616NXI-K2\/16P - SECURETECH FOREVER","og_description":"16 ports RJ45 PoE R\u00e9solution d\u2019enregistrement jusqu&#8217;\u00e0 12 M\u00e9gapixels (4K) 4 canaux AcuSense ou 1 canal de reconnaissance faciale pour des cam\u00e9ras non AcuSense (jusqu&#8217;\u00e0 2MP par cam\u00e9ra) 1 interface","og_url":"https:\/\/securetechforever.com\/index.php\/produit\/ds-7616nxi-k2-16p\/","og_site_name":"SECURETECH FOREVER","article_publisher":"https:\/\/fr-fr.facebook.com\/abdelouahed.hamadi\/","article_modified_time":"2024-03-18T10:16:35+00:00","og_image":[{"width":800,"height":800,"url":"https:\/\/securetechforever.com\/wp-content\/uploads\/2024\/03\/DS-7616NXI-K2-16P.png","type":"image\/png"}],"twitter_card":"summary_large_image","twitter_site":"@victorycsf","twitter_misc":{"Dur\u00e9e de lecture estim\u00e9e":"1 minute"},"schema":{"@context":"https:\/\/schema.org","@graph":[{"@type":"WebPage","@id":"https:\/\/securetechforever.com\/index.php\/produit\/ds-7616nxi-k2-16p\/","url":"https:\/\/securetechforever.com\/index.php\/produit\/ds-7616nxi-k2-16p\/","name":"DS-7616NXI-K2\/16P - SECURETECH FOREVER","isPartOf":{"@id":"https:\/\/securetechforever.com\/#website"},"primaryImageOfPage":{"@id":"https:\/\/securetechforever.com\/index.php\/produit\/ds-7616nxi-k2-16p\/#primaryimage"},"image":{"@id":"https:\/\/securetechforever.com\/index.php\/produit\/ds-7616nxi-k2-16p\/#primaryimage"},"thumbnailUrl":"https:\/\/securetechforever.com\/wp-content\/uploads\/2024\/03\/DS-7616NXI-K2-16P.png","datePublished":"2024-03-09T09:38:04+00:00","dateModified":"2024-03-18T10:16:35+00:00","breadcrumb":{"@id":"https:\/\/securetechforever.com\/index.php\/produit\/ds-7616nxi-k2-16p\/#breadcrumb"},"inLanguage":"fr-FR","potentialAction":[{"@type":"ReadAction","target":["https:\/\/securetechforever.com\/index.php\/produit\/ds-7616nxi-k2-16p\/"]}]},{"@type":"ImageObject","inLanguage":"fr-FR","@id":"https:\/\/securetechforever.com\/index.php\/produit\/ds-7616nxi-k2-16p\/#primaryimage","url":"https:\/\/securetechforever.com\/wp-content\/uploads\/2024\/03\/DS-7616NXI-K2-16P.png","contentUrl":"https:\/\/securetechforever.com\/wp-content\/uploads\/2024\/03\/DS-7616NXI-K2-16P.png","width":800,"height":800},{"@type":"BreadcrumbList","@id":"https:\/\/securetechforever.com\/index.php\/produit\/ds-7616nxi-k2-16p\/#breadcrumb","itemListElement":[{"@type":"ListItem","position":1,"name":"Accueil","item":"https:\/\/securetechforever.com\/"},{"@type":"ListItem","position":2,"name":"Shop","item":"https:\/\/securetechforever.com\/index.php\/shop\/"},{"@type":"ListItem","position":3,"name":"DS-7616NXI-K2\/16P"}]},{"@type":"WebSite","@id":"https:\/\/securetechforever.com\/#website","url":"https:\/\/securetechforever.com\/","name":"SECURETECH FOREVER","description":"securtech","publisher":{"@id":"https:\/\/securetechforever.com\/#organization"},"potentialAction":[{"@type":"SearchAction","target":{"@type":"EntryPoint","urlTemplate":"https:\/\/securetechforever.com\/?s={search_term_string}"},"query-input":{"@type":"PropertyValueSpecification","valueRequired":true,"valueName":"search_term_string"}}],"inLanguage":"fr-FR"},{"@type":"Organization","@id":"https:\/\/securetechforever.com\/#organization","name":"SECURETECH FOREVER","url":"https:\/\/securetechforever.com\/","logo":{"@type":"ImageObject","inLanguage":"fr-FR","@id":"https:\/\/securetechforever.com\/#\/schema\/logo\/image\/","url":"https:\/\/securetechforever.com\/wp-content\/uploads\/2024\/03\/cropped-Securetech-forever-png.png","contentUrl":"https:\/\/securetechforever.com\/wp-content\/uploads\/2024\/03\/cropped-Securetech-forever-png.png","width":2490,"height":212,"caption":"SECURETECH FOREVER"},"image":{"@id":"https:\/\/securetechforever.com\/#\/schema\/logo\/image\/"},"sameAs":["https:\/\/fr-fr.facebook.com\/abdelouahed.hamadi\/","https:\/\/x.com\/victorycsf"]}]}},"jetpack_sharing_enabled":true,"_links":{"self":[{"href":"https:\/\/securetechforever.com\/index.php\/wp-json\/wp\/v2\/product\/5490","targetHints":{"allow":["GET"]}}],"collection":[{"href":"https:\/\/securetechforever.com\/index.php\/wp-json\/wp\/v2\/product"}],"about":[{"href":"https:\/\/securetechforever.com\/index.php\/wp-json\/wp\/v2\/types\/product"}],"replies":[{"embeddable":true,"href":"https:\/\/securetechforever.com\/index.php\/wp-json\/wp\/v2\/comments?post=5490"}],"wp:featuredmedia":[{"embeddable":true,"href":"https:\/\/securetechforever.com\/index.php\/wp-json\/wp\/v2\/media\/5491"}],"wp:attachment":[{"href":"https:\/\/securetechforever.com\/index.php\/wp-json\/wp\/v2\/media?parent=5490"}],"wp:term":[{"taxonomy":"product_brand","embeddable":true,"href":"https:\/\/securetechforever.com\/index.php\/wp-json\/wp\/v2\/product_brand?post=5490"},{"taxonomy":"product_cat","embeddable":true,"href":"https:\/\/securetechforever.com\/index.php\/wp-json\/wp\/v2\/product_cat?post=5490"},{"taxonomy":"product_tag","embeddable":true,"href":"https:\/\/securetechforever.com\/index.php\/wp-json\/wp\/v2\/product_tag?post=5490"}],"curies":[{"name":"wp","href":"https:\/\/api.w.org\/{rel}","templated":true}]}}