{"id":5457,"date":"2024-03-09T09:57:22","date_gmt":"2024-03-09T08:57:22","guid":{"rendered":"https:\/\/securetechforever.com\/?post_type=product&#038;p=5457"},"modified":"2024-03-18T11:19:11","modified_gmt":"2024-03-18T10:19:11","slug":"ds-2ce16h0t-itf-2-8mm","status":"publish","type":"product","link":"https:\/\/securetechforever.com\/index.php\/produit\/ds-2ce16h0t-itf-2-8mm\/","title":{"rendered":"DS-2CE16H0T-ITF 2.8mm"},"content":{"rendered":"<p>Cam\u00e9ra analogique ext\u00e9rieur bullet 5MPx est \u00e9quip\u00e9 d\u2019 un objectif fixe de 3,6 mm, Le champ de vision est de 80,1\u00b0, L\u2019\u00e9clairage IR jusqu\u2019\u00e0 20 m, La cam\u00e9ra est aliment\u00e9e par une tension continue de 12V et sa consommation n\u2019est que de max. 4.3W, Il r\u00e9pond \u00e0 la certification IP67 pour une utilisation en ext\u00e9rieur, 30 m\u00e8tres SMART IR EXIR (vision nocturne), Prend en charge 4 technologies s\u00e9lectionnables (TVI \/ AHD \/ CVI \/ CVBS).<\/p>\n","protected":false},"excerpt":{"rendered":"<p>Cam\u00e9ra analogique ext\u00e9rieur bullet 5MPx est \u00e9quip\u00e9 d\u2019 un objectif fixe de 3,6 mm, Le champ de vision est de 80,1\u00b0, L\u2019\u00e9clairage IR jusqu\u2019\u00e0 20 m, La cam\u00e9ra est aliment\u00e9e<\/p>\n","protected":false},"featured_media":5458,"comment_status":"open","ping_status":"closed","template":"","meta":{"_acf_changed":false},"product_brand":[],"product_cat":[25,239],"product_tag":[],"class_list":{"0":"post-5457","1":"product","2":"type-product","3":"status-publish","4":"has-post-thumbnail","6":"product_cat-analogique","7":"product_cat-cameras-5mp-analogique","9":"first","10":"instock","11":"sale","12":"taxable","13":"shipping-taxable","14":"purchasable","15":"product-type-simple"},"acf":[],"yoast_head":"<!-- This site is optimized with the Yoast SEO plugin v25.0 - https:\/\/yoast.com\/wordpress\/plugins\/seo\/ -->\n<title>DS-2CE16H0T-ITF 2.8mm - SECURETECH FOREVER<\/title>\n<meta name=\"robots\" content=\"index, follow, max-snippet:-1, max-image-preview:large, max-video-preview:-1\" \/>\n<link rel=\"canonical\" href=\"https:\/\/securetechforever.com\/index.php\/produit\/ds-2ce16h0t-itf-2-8mm\/\" \/>\n<meta property=\"og:locale\" content=\"fr_FR\" \/>\n<meta property=\"og:type\" content=\"article\" \/>\n<meta property=\"og:title\" content=\"DS-2CE16H0T-ITF 2.8mm - SECURETECH FOREVER\" \/>\n<meta property=\"og:description\" content=\"Cam\u00e9ra analogique ext\u00e9rieur bullet 5MPx est \u00e9quip\u00e9 d\u2019 un objectif fixe de 3,6 mm, Le champ de vision est de 80,1\u00b0, L\u2019\u00e9clairage IR jusqu\u2019\u00e0 20 m, La cam\u00e9ra est aliment\u00e9e\" \/>\n<meta property=\"og:url\" content=\"https:\/\/securetechforever.com\/index.php\/produit\/ds-2ce16h0t-itf-2-8mm\/\" \/>\n<meta property=\"og:site_name\" content=\"SECURETECH FOREVER\" \/>\n<meta property=\"article:publisher\" content=\"https:\/\/fr-fr.facebook.com\/abdelouahed.hamadi\/\" \/>\n<meta property=\"article:modified_time\" content=\"2024-03-18T10:19:11+00:00\" \/>\n<meta property=\"og:image\" content=\"https:\/\/securetechforever.com\/wp-content\/uploads\/2024\/03\/DS-2CE16H0T-ITF-2.8mm.png\" \/>\n\t<meta property=\"og:image:width\" content=\"800\" \/>\n\t<meta property=\"og:image:height\" content=\"405\" \/>\n\t<meta property=\"og:image:type\" content=\"image\/png\" \/>\n<meta name=\"twitter:card\" content=\"summary_large_image\" \/>\n<meta name=\"twitter:site\" content=\"@victorycsf\" \/>\n<script type=\"application\/ld+json\" class=\"yoast-schema-graph\">{\"@context\":\"https:\/\/schema.org\",\"@graph\":[{\"@type\":\"WebPage\",\"@id\":\"https:\/\/securetechforever.com\/index.php\/produit\/ds-2ce16h0t-itf-2-8mm\/\",\"url\":\"https:\/\/securetechforever.com\/index.php\/produit\/ds-2ce16h0t-itf-2-8mm\/\",\"name\":\"DS-2CE16H0T-ITF 2.8mm - SECURETECH FOREVER\",\"isPartOf\":{\"@id\":\"https:\/\/securetechforever.com\/#website\"},\"primaryImageOfPage\":{\"@id\":\"https:\/\/securetechforever.com\/index.php\/produit\/ds-2ce16h0t-itf-2-8mm\/#primaryimage\"},\"image\":{\"@id\":\"https:\/\/securetechforever.com\/index.php\/produit\/ds-2ce16h0t-itf-2-8mm\/#primaryimage\"},\"thumbnailUrl\":\"https:\/\/securetechforever.com\/wp-content\/uploads\/2024\/03\/DS-2CE16H0T-ITF-2.8mm.png\",\"datePublished\":\"2024-03-09T08:57:22+00:00\",\"dateModified\":\"2024-03-18T10:19:11+00:00\",\"breadcrumb\":{\"@id\":\"https:\/\/securetechforever.com\/index.php\/produit\/ds-2ce16h0t-itf-2-8mm\/#breadcrumb\"},\"inLanguage\":\"fr-FR\",\"potentialAction\":[{\"@type\":\"ReadAction\",\"target\":[\"https:\/\/securetechforever.com\/index.php\/produit\/ds-2ce16h0t-itf-2-8mm\/\"]}]},{\"@type\":\"ImageObject\",\"inLanguage\":\"fr-FR\",\"@id\":\"https:\/\/securetechforever.com\/index.php\/produit\/ds-2ce16h0t-itf-2-8mm\/#primaryimage\",\"url\":\"https:\/\/securetechforever.com\/wp-content\/uploads\/2024\/03\/DS-2CE16H0T-ITF-2.8mm.png\",\"contentUrl\":\"https:\/\/securetechforever.com\/wp-content\/uploads\/2024\/03\/DS-2CE16H0T-ITF-2.8mm.png\",\"width\":800,\"height\":405},{\"@type\":\"BreadcrumbList\",\"@id\":\"https:\/\/securetechforever.com\/index.php\/produit\/ds-2ce16h0t-itf-2-8mm\/#breadcrumb\",\"itemListElement\":[{\"@type\":\"ListItem\",\"position\":1,\"name\":\"Accueil\",\"item\":\"https:\/\/securetechforever.com\/\"},{\"@type\":\"ListItem\",\"position\":2,\"name\":\"Shop\",\"item\":\"https:\/\/securetechforever.com\/index.php\/shop\/\"},{\"@type\":\"ListItem\",\"position\":3,\"name\":\"DS-2CE16H0T-ITF 2.8mm\"}]},{\"@type\":\"WebSite\",\"@id\":\"https:\/\/securetechforever.com\/#website\",\"url\":\"https:\/\/securetechforever.com\/\",\"name\":\"SECURETECH FOREVER\",\"description\":\"securtech\",\"publisher\":{\"@id\":\"https:\/\/securetechforever.com\/#organization\"},\"potentialAction\":[{\"@type\":\"SearchAction\",\"target\":{\"@type\":\"EntryPoint\",\"urlTemplate\":\"https:\/\/securetechforever.com\/?s={search_term_string}\"},\"query-input\":{\"@type\":\"PropertyValueSpecification\",\"valueRequired\":true,\"valueName\":\"search_term_string\"}}],\"inLanguage\":\"fr-FR\"},{\"@type\":\"Organization\",\"@id\":\"https:\/\/securetechforever.com\/#organization\",\"name\":\"SECURETECH FOREVER\",\"url\":\"https:\/\/securetechforever.com\/\",\"logo\":{\"@type\":\"ImageObject\",\"inLanguage\":\"fr-FR\",\"@id\":\"https:\/\/securetechforever.com\/#\/schema\/logo\/image\/\",\"url\":\"https:\/\/securetechforever.com\/wp-content\/uploads\/2024\/03\/cropped-Securetech-forever-png.png\",\"contentUrl\":\"https:\/\/securetechforever.com\/wp-content\/uploads\/2024\/03\/cropped-Securetech-forever-png.png\",\"width\":2490,\"height\":212,\"caption\":\"SECURETECH FOREVER\"},\"image\":{\"@id\":\"https:\/\/securetechforever.com\/#\/schema\/logo\/image\/\"},\"sameAs\":[\"https:\/\/fr-fr.facebook.com\/abdelouahed.hamadi\/\",\"https:\/\/x.com\/victorycsf\"]}]}<\/script>\n<!-- \/ Yoast SEO plugin. -->","yoast_head_json":{"title":"DS-2CE16H0T-ITF 2.8mm - SECURETECH FOREVER","robots":{"index":"index","follow":"follow","max-snippet":"max-snippet:-1","max-image-preview":"max-image-preview:large","max-video-preview":"max-video-preview:-1"},"canonical":"https:\/\/securetechforever.com\/index.php\/produit\/ds-2ce16h0t-itf-2-8mm\/","og_locale":"fr_FR","og_type":"article","og_title":"DS-2CE16H0T-ITF 2.8mm - SECURETECH FOREVER","og_description":"Cam\u00e9ra analogique ext\u00e9rieur bullet 5MPx est \u00e9quip\u00e9 d\u2019 un objectif fixe de 3,6 mm, Le champ de vision est de 80,1\u00b0, L\u2019\u00e9clairage IR jusqu\u2019\u00e0 20 m, La cam\u00e9ra est aliment\u00e9e","og_url":"https:\/\/securetechforever.com\/index.php\/produit\/ds-2ce16h0t-itf-2-8mm\/","og_site_name":"SECURETECH FOREVER","article_publisher":"https:\/\/fr-fr.facebook.com\/abdelouahed.hamadi\/","article_modified_time":"2024-03-18T10:19:11+00:00","og_image":[{"width":800,"height":405,"url":"https:\/\/securetechforever.com\/wp-content\/uploads\/2024\/03\/DS-2CE16H0T-ITF-2.8mm.png","type":"image\/png"}],"twitter_card":"summary_large_image","twitter_site":"@victorycsf","schema":{"@context":"https:\/\/schema.org","@graph":[{"@type":"WebPage","@id":"https:\/\/securetechforever.com\/index.php\/produit\/ds-2ce16h0t-itf-2-8mm\/","url":"https:\/\/securetechforever.com\/index.php\/produit\/ds-2ce16h0t-itf-2-8mm\/","name":"DS-2CE16H0T-ITF 2.8mm - SECURETECH FOREVER","isPartOf":{"@id":"https:\/\/securetechforever.com\/#website"},"primaryImageOfPage":{"@id":"https:\/\/securetechforever.com\/index.php\/produit\/ds-2ce16h0t-itf-2-8mm\/#primaryimage"},"image":{"@id":"https:\/\/securetechforever.com\/index.php\/produit\/ds-2ce16h0t-itf-2-8mm\/#primaryimage"},"thumbnailUrl":"https:\/\/securetechforever.com\/wp-content\/uploads\/2024\/03\/DS-2CE16H0T-ITF-2.8mm.png","datePublished":"2024-03-09T08:57:22+00:00","dateModified":"2024-03-18T10:19:11+00:00","breadcrumb":{"@id":"https:\/\/securetechforever.com\/index.php\/produit\/ds-2ce16h0t-itf-2-8mm\/#breadcrumb"},"inLanguage":"fr-FR","potentialAction":[{"@type":"ReadAction","target":["https:\/\/securetechforever.com\/index.php\/produit\/ds-2ce16h0t-itf-2-8mm\/"]}]},{"@type":"ImageObject","inLanguage":"fr-FR","@id":"https:\/\/securetechforever.com\/index.php\/produit\/ds-2ce16h0t-itf-2-8mm\/#primaryimage","url":"https:\/\/securetechforever.com\/wp-content\/uploads\/2024\/03\/DS-2CE16H0T-ITF-2.8mm.png","contentUrl":"https:\/\/securetechforever.com\/wp-content\/uploads\/2024\/03\/DS-2CE16H0T-ITF-2.8mm.png","width":800,"height":405},{"@type":"BreadcrumbList","@id":"https:\/\/securetechforever.com\/index.php\/produit\/ds-2ce16h0t-itf-2-8mm\/#breadcrumb","itemListElement":[{"@type":"ListItem","position":1,"name":"Accueil","item":"https:\/\/securetechforever.com\/"},{"@type":"ListItem","position":2,"name":"Shop","item":"https:\/\/securetechforever.com\/index.php\/shop\/"},{"@type":"ListItem","position":3,"name":"DS-2CE16H0T-ITF 2.8mm"}]},{"@type":"WebSite","@id":"https:\/\/securetechforever.com\/#website","url":"https:\/\/securetechforever.com\/","name":"SECURETECH FOREVER","description":"securtech","publisher":{"@id":"https:\/\/securetechforever.com\/#organization"},"potentialAction":[{"@type":"SearchAction","target":{"@type":"EntryPoint","urlTemplate":"https:\/\/securetechforever.com\/?s={search_term_string}"},"query-input":{"@type":"PropertyValueSpecification","valueRequired":true,"valueName":"search_term_string"}}],"inLanguage":"fr-FR"},{"@type":"Organization","@id":"https:\/\/securetechforever.com\/#organization","name":"SECURETECH FOREVER","url":"https:\/\/securetechforever.com\/","logo":{"@type":"ImageObject","inLanguage":"fr-FR","@id":"https:\/\/securetechforever.com\/#\/schema\/logo\/image\/","url":"https:\/\/securetechforever.com\/wp-content\/uploads\/2024\/03\/cropped-Securetech-forever-png.png","contentUrl":"https:\/\/securetechforever.com\/wp-content\/uploads\/2024\/03\/cropped-Securetech-forever-png.png","width":2490,"height":212,"caption":"SECURETECH FOREVER"},"image":{"@id":"https:\/\/securetechforever.com\/#\/schema\/logo\/image\/"},"sameAs":["https:\/\/fr-fr.facebook.com\/abdelouahed.hamadi\/","https:\/\/x.com\/victorycsf"]}]}},"jetpack_sharing_enabled":true,"_links":{"self":[{"href":"https:\/\/securetechforever.com\/index.php\/wp-json\/wp\/v2\/product\/5457","targetHints":{"allow":["GET"]}}],"collection":[{"href":"https:\/\/securetechforever.com\/index.php\/wp-json\/wp\/v2\/product"}],"about":[{"href":"https:\/\/securetechforever.com\/index.php\/wp-json\/wp\/v2\/types\/product"}],"replies":[{"embeddable":true,"href":"https:\/\/securetechforever.com\/index.php\/wp-json\/wp\/v2\/comments?post=5457"}],"wp:featuredmedia":[{"embeddable":true,"href":"https:\/\/securetechforever.com\/index.php\/wp-json\/wp\/v2\/media\/5458"}],"wp:attachment":[{"href":"https:\/\/securetechforever.com\/index.php\/wp-json\/wp\/v2\/media?parent=5457"}],"wp:term":[{"taxonomy":"product_brand","embeddable":true,"href":"https:\/\/securetechforever.com\/index.php\/wp-json\/wp\/v2\/product_brand?post=5457"},{"taxonomy":"product_cat","embeddable":true,"href":"https:\/\/securetechforever.com\/index.php\/wp-json\/wp\/v2\/product_cat?post=5457"},{"taxonomy":"product_tag","embeddable":true,"href":"https:\/\/securetechforever.com\/index.php\/wp-json\/wp\/v2\/product_tag?post=5457"}],"curies":[{"name":"wp","href":"https:\/\/api.w.org\/{rel}","templated":true}]}}